{"id":20,"date":"2013-10-13T11:27:24","date_gmt":"2013-10-13T11:27:24","guid":{"rendered":"http:\/\/holobest.com\/stylish\/?page_id=20"},"modified":"2016-01-21T16:10:47","modified_gmt":"2016-01-21T16:10:47","slug":"elements-2","status":"publish","type":"page","link":"https:\/\/www.rerum.com.br\/?page_id=20","title":{"rendered":"F\u00e1brica de Software"},"content":{"rendered":"<div class=\"duas-colunas\">\n<p>Sempre em busca do aprimoramento das t\u00e9cnicas adquiridas em seu tempo de mercado, a RERUM tem se especializado nos modelos mais utilizados no mercado e torna sua F\u00e1brica de Software cada vez mais eficiente e competitiva.<\/p>\n<p>Dotada com uma equipe de alta qualidade, com baix\u00edssimo turn-over, aplicando metodologias consagradas de desenvolvimento e respeitando o estabelecido pelas Arquiteturas de TI, nossa f\u00e1brica est\u00e1 hoje preparada para atender as maiores e mais exigentes empresas do mercado nacional e internacional.<\/p>\n<p>Al\u00e9m disso, o trabalho da nossa F\u00e1brica de Software est\u00e1 totalmente alinhado com as expectativas do cliente e sua proje\u00e7\u00e3o de resultados. Queremos o sucesso de seus projetos e dos neg\u00f3cios que eles viabilizar\u00e3o.<\/p>\n<\/div>\n<div style=\"width: 100%; clear: both; height: 20px\"><\/div>\n\n        <div class=\"message-box ok-message-box clearfix\">\n            <div class=\"message-icon-box\">\n                <i class=\"icon-ok\"><\/i>\n            <\/div>\n\n            <div class=\"message-container\">\n                <p><\/p>\n<h3>Equipe capacitada e comprometida<\/h3>\n<p>Conseguimos a mescla perfeita de profissionais experientes com novos talentos, selecionados criteriosamente entre os universit\u00e1rios mais promissores em faculdades de primeira linha.<\/p>\n<p>Todos nossos profissionais s\u00e3o capacitados com a vis\u00e3o de Arquiteturas e dom\u00ednio de metodologias de desenvolvimento, al\u00e9m de fazerem uso das melhores pr\u00e1ticas em ampla gama de ferramentas e linguagens.<\/p>\n<p>Nossos profissionais tem total comprometimento com o projeto em que est\u00e3o alocados, sempre conscientes da import\u00e2ncia de uma atua\u00e7\u00e3o eficiente para o sucesso de seus clientes e da pr\u00f3pria Rerum.<\/p>\n<p>A Rerum pode tamb\u00e9m atuar conjuntamente com a equipe de profissionais de sua empresa, e ainda apoi\u00e1-los na composi\u00e7\u00e3o, reestrutura\u00e7\u00e3o ou mesmo na capacita\u00e7\u00e3o dessa equipe, preparando-a para atua\u00e7\u00e3o dentro de novas realidades e t\u00e9cnicas.<\/p>\n            <\/div>\n        <\/div>\n    \n\n        <div class=\"message-box ok-message-box clearfix\">\n            <div class=\"message-icon-box\">\n                <i class=\"icon-ok\"><\/i>\n            <\/div>\n\n            <div class=\"message-container\">\n                <p><\/p>\n<h3>Metodologia de Desenvolvimento<\/h3>\n<p>O desenvolvimento guiado por processos metodol\u00f3gicos \u00e9 ponto chave para atingir objetivos com sucesso, possibilitando ainda uma atua\u00e7\u00e3o efetiva de nossos gerentes de projeto, principais respons\u00e1veis pela garantia da qualidade e do cumprimento dos cronogramas negociados junto a cada cliente.<\/p>\n<p>A Rerum utiliza metodologia pr\u00f3pria de desenvolvimento baseada no processo unificado, na nota\u00e7\u00e3o UML e no PMBok, possuindo tamb\u00e9m adapta\u00e7\u00f5es que incorporam pr\u00e1ticas \u00e1geis(SCRUM), cobrindo todo o processo, desde o levantamento de requisitos at\u00e9 a entrega de cada vers\u00e3o ou release, mas tamb\u00e9m est\u00e1 preparada para atuar segundo as metodologias criadas ou j\u00e1 adotadas por nossos clientes, com a mesma disciplina e aten\u00e7\u00e3o a suas determina\u00e7\u00f5es e padr\u00f5es.<\/p>\n<p>E ainda, se necess\u00e1rio, a RERUM est\u00e1 pronta para desenvolver uma metodologia espec\u00edfica para sua empresa, adequada a atender suas necessidades e expectativas de gerenciamento e de qualidade no desenvolvimento de sistemas.<\/p>\n<p><\/p>\n            <\/div>\n        <\/div>\n    \n\n        <div class=\"message-box ok-message-box clearfix\">\n            <div class=\"message-icon-box\">\n                <i class=\"icon-ok\"><\/i>\n            <\/div>\n\n            <div class=\"message-container\">\n                <p><\/p>\n<h3>Arquiteturas<\/h3>\n<p>O alinhamento das solu\u00e7\u00f5es de TI ao modelo e \u00e0s estrat\u00e9gias de neg\u00f3cio tamb\u00e9m \u00e9 parte das preocupa\u00e7\u00f5es da F\u00e1brica de Software da Rerum no desenvolvimento de suas solu\u00e7\u00f5es.<\/p>\n<p>Por isso estimulamos, apoiamos e respeitamos a ado\u00e7\u00e3o de Arquiteturas de TI que orientem o desenvolvimento de solu\u00e7\u00f5es duradouras, alinhadas com o futuro de seus neg\u00f3cios e da tecnologia em sua empresa.<\/p>\n<p>A F\u00e1brica de Software da Rerum tem a sua disposi\u00e7\u00e3o o RBTS \u2013 Rerum Business Transaction Services \u2013 um framework de objetos de neg\u00f3cios transacionais e componentes que pode facilmente ser incorporado \u00e0 arquitetura de sua empresa e que possibilita significativa redu\u00e7\u00e3o no tempo de desenvolvimento, al\u00e9m de contribuir para mais r\u00e1pida matura\u00e7\u00e3o do sistema final, gra\u00e7as \u00e0 maturidade de seus componentes reutiliz\u00e1veis.<\/p>\n<p>A experi\u00eancia de nossa F\u00e1brica na especifica\u00e7\u00e3o e design de sistemas distribu\u00eddos, aplicando ao extremo os conceitos de reuso tanto de c\u00f3digo quanto de componentes e de servi\u00e7os, habilita-a tamb\u00e9m a suportar estrat\u00e9gias de implementa\u00e7\u00e3o da SOA, arquitetura orientada a servi\u00e7os, seja ela baseada em WebServices ou n\u00e3o.<\/p>\n<p>Caso voc\u00ea ainda n\u00e3o tenha criado suas arquiteturas estamos prontos a dar suporte no desenho de uma Arquitetura Corporativa de TI que dirija a estrat\u00e9gia de desenvolvimento e\/ou aquisi\u00e7\u00e3o de softwares e hardwares totalmente alinhada com a realidade estrat\u00e9gica atual e futura dos neg\u00f3cios de sua empresa.<\/p>\n<p><\/p>\n            <\/div>\n        <\/div>\n    \n<div style=\"width: 100%; clear: both; height: 30px\"><\/div>\n","protected":false},"excerpt":{"rendered":"<p>Sempre em busca do aprimoramento das t\u00e9cnicas adquiridas em seu tempo de mercado, a RERUM tem se especializado [&hellip;]<\/p>\n","protected":false},"author":1,"featured_media":0,"parent":0,"menu_order":0,"comment_status":"open","ping_status":"open","template":"template-empty-default.php","meta":[],"_links":{"self":[{"href":"https:\/\/www.rerum.com.br\/index.php?rest_route=\/wp\/v2\/pages\/20"}],"collection":[{"href":"https:\/\/www.rerum.com.br\/index.php?rest_route=\/wp\/v2\/pages"}],"about":[{"href":"https:\/\/www.rerum.com.br\/index.php?rest_route=\/wp\/v2\/types\/page"}],"author":[{"embeddable":true,"href":"https:\/\/www.rerum.com.br\/index.php?rest_route=\/wp\/v2\/users\/1"}],"replies":[{"embeddable":true,"href":"https:\/\/www.rerum.com.br\/index.php?rest_route=%2Fwp%2Fv2%2Fcomments&post=20"}],"version-history":[{"count":55,"href":"https:\/\/www.rerum.com.br\/index.php?rest_route=\/wp\/v2\/pages\/20\/revisions"}],"predecessor-version":[{"id":4112,"href":"https:\/\/www.rerum.com.br\/index.php?rest_route=\/wp\/v2\/pages\/20\/revisions\/4112"}],"wp:attachment":[{"href":"https:\/\/www.rerum.com.br\/index.php?rest_route=%2Fwp%2Fv2%2Fmedia&parent=20"}],"curies":[{"name":"wp","href":"https:\/\/api.w.org\/{rel}","templated":true}]}}