{"id":23,"date":"2013-10-13T11:27:42","date_gmt":"2013-10-13T11:27:42","guid":{"rendered":"http:\/\/holobest.com\/stylish\/?page_id=23"},"modified":"2016-01-21T12:58:14","modified_gmt":"2016-01-21T12:58:14","slug":"pages","status":"publish","type":"page","link":"https:\/\/www.rerum.com.br\/?page_id=23","title":{"rendered":"Servi\u00e7os"},"content":{"rendered":"<div class=\"span9\" style=\"margin-left: 0px;\">\n<div class=\"span2 servicos\"><a href=\"http:\/\/www.rerum.com.br\/rerum\/wp-content\/uploads\/2013\/10\/servico-metodologia-e1452021773111.jpg\"><img decoding=\"async\" loading=\"lazy\" class=\"alignnone wp-image-3888 \" src=\"https:\/\/www.rerum.com.br\/wp-content\/uploads\/2013\/10\/servico-metodologia-e1452021773111.jpg\" alt=\"\" width=\"275\" height=\"233\" \/><\/a><\/div>\n<div class=\"span6 servicos\" style=\"padding-left: 15px;\">\n<h3>Consultoria em arquitetura de T.I.<\/h3>\n<hr \/>\n<p>Essenciais para a pr\u00e1tica da Governan\u00e7a de TI, as Arquiteturas de TI s\u00e3o o ponto de partida para o estabelecimento do roadmap de desenvolvimento de sistemas, dos investimentos em softwares e equipamentos e do planejamento de infraestrutura, entre outros processos t\u00e3o importantes para a organiza\u00e7\u00e3o e evolu\u00e7\u00e3o das solu\u00e7\u00f5es de TI em qualquer companhia.<\/p>\n<p>Al\u00e9m disso, \u00e9 a partir das Arquiteturas que poderemos estabelecer as m\u00e9tricas que ir\u00e3o viabilizar o controle e a monitora\u00e7\u00e3o das atividades relacionadas \u00e0 Tecnologia nas empresas em busca da m\u00e1xima qualidade dos servi\u00e7os.<\/p>\n<p>Temos profissionais capacitados para apoiar sua iniciativa de especifica\u00e7\u00e3o, refino ou mesmo valida\u00e7\u00e3o de Arquiteturas Corporativas de TI, sejam elas baseadas em modelos recomendados internacionalmente ou criadas conforme os desejos e necessidades de sua empresa.<\/p>\n<\/div>\n<\/div>\n<p>&nbsp;<\/p>\n<div class=\"span9\" style=\"margin-left: 0px;\">\n<div class=\"span2 servicos\"><a href=\"http:\/\/www.rerum.com.br\/rerum\/wp-content\/uploads\/2013\/10\/metodologia.jpg\"><img decoding=\"async\" loading=\"lazy\" class=\"alignnone wp-image-3869 size-full\" src=\"https:\/\/www.rerum.com.br\/wp-content\/uploads\/2013\/10\/metodologia.jpg\" alt=\"\" width=\"276\" height=\"236\" srcset=\"https:\/\/www.rerum.com.br\/wp-content\/uploads\/2013\/10\/metodologia.jpg 276w, https:\/\/www.rerum.com.br\/wp-content\/uploads\/2013\/10\/metodologia-270x230.jpg 270w\" sizes=\"(max-width: 276px) 100vw, 276px\" \/><\/a><\/div>\n<div class=\"span6 servicos\" style=\"padding-left: 15px;\">\n<h3>Consultoria em metodologias de desenvolvimento<\/h3>\n<hr \/>\n<p>Temos profissionais experientes e preparados para apoiar sua iniciativa de especifica\u00e7\u00e3o, valida\u00e7\u00e3o e implanta\u00e7\u00e3o de processos metodol\u00f3gicos para o desenvolvimento de sistemas.<br \/>\nCom experi\u00eancia acumulada na pr\u00e1tica de metodologias como RUP, UML e outras j\u00e1 consagradas, e ainda com a experi\u00eancia de adequa\u00e7\u00e3o de tais metodologias para a cria\u00e7\u00e3o de sua pr\u00f3pria vers\u00e3o e de vers\u00f5es para diversos clientes, a Rerum est\u00e1 pronta para ajud\u00e1-lo.<br \/>\nPodemos tamb\u00e9m contribuir no processo de implanta\u00e7\u00e3o da metodologia escolhida, com a realiza\u00e7\u00e3o de projetos conjuntos ou com o treinamento e coaching de seus pr\u00f3prios profissionais.<\/p>\n<\/div>\n<\/div>\n<p>&nbsp;<\/p>\n<div class=\"span9\" style=\"margin-left: 0px;\">\n<div class=\"span2 servicos\"><a href=\"http:\/\/www.rerum.com.br\/rerum\/wp-content\/uploads\/2013\/10\/outsourcing1.jpg\"><img decoding=\"async\" loading=\"lazy\" class=\"alignnone wp-image-3885 size-full\" src=\"https:\/\/www.rerum.com.br\/wp-content\/uploads\/2013\/10\/outsourcing1.jpg\" alt=\"\" width=\"276\" height=\"236\" srcset=\"https:\/\/www.rerum.com.br\/wp-content\/uploads\/2013\/10\/outsourcing1.jpg 276w, https:\/\/www.rerum.com.br\/wp-content\/uploads\/2013\/10\/outsourcing1-270x230.jpg 270w\" sizes=\"(max-width: 276px) 100vw, 276px\" \/><\/a><\/div>\n<div class=\"span6 servicos\" style=\"padding-left: 15px;\">\n<h3>Outsourcing e capacita\u00e7\u00e3o de equipes<\/h3>\n<hr \/>\n<p>Como prestadora de servi\u00e7os de desenvolvimento e suporte ao longo de sua trajet\u00f3ria desde 1995, a Rerum sempre se preocupou com o melhor dimensionamento, composi\u00e7\u00e3o, capacita\u00e7\u00e3o e manuten\u00e7\u00e3o de equipes de t\u00e9cnicos e consultores de qualidade e com alto grau de responsabilidade.<br \/>\nEstamos prontos para compartilhar essa experi\u00eancia com sua empresa.<br \/>\nPodemos apoi\u00e1-lo na an\u00e1lise e dimensionamento da equipe ideal para levar adiante os compromissos de sua \u00e1rea ou empresa de TI, e ainda atuar na capacita\u00e7\u00e3o e coaching de seus profissionais para que possam desenvolver suas atividades com a habilidade adequada \u00e0 posi\u00e7\u00e3o e papel de cada um.<br \/>\nToda t\u00e9cnica ou conhecimento apresentado ao longo deste portf\u00f3lio pode ser transferido a seus profissionais sob a forma de cursos locais ou em nosso centro de treinamento, ou ainda atrav\u00e9s de outros processos interativos, tais como o desenvolvimento assistido ou o coaching, sempre negociados e or\u00e7ados de acordo com suas necessidades.<br \/>\nAl\u00e9m da capacita\u00e7\u00e3o de sua equipe, a Rerum tamb\u00e9m coloca a sua disposi\u00e7\u00e3o seu pr\u00f3prio quadro de profissionais, que podem complementar sua capacidade por tempo determinado, tanto como F\u00e1brica de Software ou como pela aloca\u00e7\u00e3o tempor\u00e1ria de profissionais.<\/p>\n<\/div>\n<\/div>\n<p>&nbsp;<\/p>\n<div class=\"span9\" style=\"margin-left: 0px;\">\n<div class=\"span2 servicos\"><a href=\"http:\/\/www.rerum.com.br\/rerum\/wp-content\/uploads\/2013\/10\/performance.jpg\"><img decoding=\"async\" loading=\"lazy\" class=\"alignnone wp-image-3913 size-full\" src=\"https:\/\/www.rerum.com.br\/wp-content\/uploads\/2013\/10\/performance.jpg\" alt=\"\" width=\"276\" height=\"236\" srcset=\"https:\/\/www.rerum.com.br\/wp-content\/uploads\/2013\/10\/performance.jpg 276w, https:\/\/www.rerum.com.br\/wp-content\/uploads\/2013\/10\/performance-270x230.jpg 270w\" sizes=\"(max-width: 276px) 100vw, 276px\" \/><\/a><\/div>\n<div class=\"span6 servicos\" style=\"padding-left: 15px;\">\n<h3>Sustenta\u00e7\u00e3o de Sistemas<\/h3>\n<hr \/>\n<p>Tamb\u00e9m atuando como uma das principais atividades de nossa empresa, a sustenta\u00e7\u00e3o de sistemas \u00e9 uma das formas em que acabamos tendo maior contato com os nossos clientes, fazendo parcerias duradouras e mostrando a cada dia o valor de nossos servi\u00e7os e o comprometimento com o qual trabalhamos todos os dias.<br \/>\nNeste tipo de atividade, a identifica\u00e7\u00e3o e implementa\u00e7\u00e3o de melhorias relacionadas \u00e0 performance das aplica\u00e7\u00f5es e o registro dos erros encontrados para posterior avalia\u00e7\u00e3o do atingimento dos n\u00edveis m\u00ednimos de servi\u00e7o exigidos s\u00e3o fundamentais e como tal s\u00e3o respeitados fielmente por nossa empresa.<br \/>\nCom o objetivo de manter funcionais os sistemas em produ\u00e7\u00e3o, corrigir problemas com a agilidade necess\u00e1ria, visando a continuidade do trabalho do usu\u00e1rio, al\u00e9m de propor e prover solu\u00e7\u00f5es provis\u00f3rias para problemas de produ\u00e7\u00e3o, enquanto a solu\u00e7\u00e3o definitiva \u00e9 implementada, os nossos profissionais est\u00e3o sempre trabalhando em prol de nossos clientes.<br \/>\nEntre em contato conosco e avalie os custos deste tipo de servi\u00e7o realizado pela nossa companhia. Seguindo as melhores pr\u00e1ticas sugeridas pelo MPS.Br, esta modalidade \u00e9 uma das principais expertises de nossa empresa.<\/p>\n<\/div>\n<\/div>\n<p>&nbsp;<\/p>\n<div style=\"width: 100%; clear: both; height: 30px\"><\/div>\n","protected":false},"excerpt":{"rendered":"<p>Consultoria em arquitetura de T.I. Essenciais para a pr\u00e1tica da Governan\u00e7a de TI, as Arquiteturas de TI s\u00e3o [&hellip;]<\/p>\n","protected":false},"author":1,"featured_media":63,"parent":0,"menu_order":0,"comment_status":"open","ping_status":"closed","template":"template-empty-default.php","meta":[],"_links":{"self":[{"href":"https:\/\/www.rerum.com.br\/index.php?rest_route=\/wp\/v2\/pages\/23"}],"collection":[{"href":"https:\/\/www.rerum.com.br\/index.php?rest_route=\/wp\/v2\/pages"}],"about":[{"href":"https:\/\/www.rerum.com.br\/index.php?rest_route=\/wp\/v2\/types\/page"}],"author":[{"embeddable":true,"href":"https:\/\/www.rerum.com.br\/index.php?rest_route=\/wp\/v2\/users\/1"}],"replies":[{"embeddable":true,"href":"https:\/\/www.rerum.com.br\/index.php?rest_route=%2Fwp%2Fv2%2Fcomments&post=23"}],"version-history":[{"count":55,"href":"https:\/\/www.rerum.com.br\/index.php?rest_route=\/wp\/v2\/pages\/23\/revisions"}],"predecessor-version":[{"id":3916,"href":"https:\/\/www.rerum.com.br\/index.php?rest_route=\/wp\/v2\/pages\/23\/revisions\/3916"}],"wp:featuredmedia":[{"embeddable":true,"href":"https:\/\/www.rerum.com.br\/index.php?rest_route=\/wp\/v2\/media\/63"}],"wp:attachment":[{"href":"https:\/\/www.rerum.com.br\/index.php?rest_route=%2Fwp%2Fv2%2Fmedia&parent=23"}],"curies":[{"name":"wp","href":"https:\/\/api.w.org\/{rel}","templated":true}]}}