{"id":30,"date":"2013-10-13T11:28:53","date_gmt":"2013-10-13T11:28:53","guid":{"rendered":"http:\/\/holobest.com\/stylish\/?page_id=30"},"modified":"2016-01-07T19:01:15","modified_gmt":"2016-01-07T19:01:15","slug":"contact-2","status":"publish","type":"page","link":"https:\/\/www.rerum.com.br\/?page_id=30","title":{"rendered":"Fale conosco"},"content":{"rendered":"<h2>Entre em contato com a Rerum!<\/h2>\n<p>Nosso comprometimento e experi\u00eancia na \u00e1rea tecnol\u00f3gica nos credencia a auxiliar a sua empresa na melhoria de seus servi\u00e7os. Preferimos o contato pessoal com nossos clientes, fornecedores e parceiros e por esse motivo colocamos \u00e0 sua disposi\u00e7\u00e3o nossos telefones e endere\u00e7os acima. \u00c9 desta forma, tamb\u00e9m, que poderemos elucidar quaisquer d\u00favidas acerca dos trabalhos j\u00e1 realizados. Caso prefira utilizar o e-mail, por favor utilize o formul\u00e1rio abaixo e prontamente responderemos. Obrigado.<\/p>\n","protected":false},"excerpt":{"rendered":"<p>Entre em contato com a Rerum! Nosso comprometimento e experi\u00eancia na \u00e1rea tecnol\u00f3gica nos credencia a auxiliar a [&hellip;]<\/p>\n","protected":false},"author":1,"featured_media":0,"parent":0,"menu_order":0,"comment_status":"open","ping_status":"open","template":"template-contact.php","meta":[],"_links":{"self":[{"href":"https:\/\/www.rerum.com.br\/index.php?rest_route=\/wp\/v2\/pages\/30"}],"collection":[{"href":"https:\/\/www.rerum.com.br\/index.php?rest_route=\/wp\/v2\/pages"}],"about":[{"href":"https:\/\/www.rerum.com.br\/index.php?rest_route=\/wp\/v2\/types\/page"}],"author":[{"embeddable":true,"href":"https:\/\/www.rerum.com.br\/index.php?rest_route=\/wp\/v2\/users\/1"}],"replies":[{"embeddable":true,"href":"https:\/\/www.rerum.com.br\/index.php?rest_route=%2Fwp%2Fv2%2Fcomments&post=30"}],"version-history":[{"count":13,"href":"https:\/\/www.rerum.com.br\/index.php?rest_route=\/wp\/v2\/pages\/30\/revisions"}],"predecessor-version":[{"id":4025,"href":"https:\/\/www.rerum.com.br\/index.php?rest_route=\/wp\/v2\/pages\/30\/revisions\/4025"}],"wp:attachment":[{"href":"https:\/\/www.rerum.com.br\/index.php?rest_route=%2Fwp%2Fv2%2Fmedia&parent=30"}],"curies":[{"name":"wp","href":"https:\/\/api.w.org\/{rel}","templated":true}]}}