{"id":3726,"date":"2016-01-04T17:40:13","date_gmt":"2016-01-04T17:40:13","guid":{"rendered":"http:\/\/www.rerum.com.br\/?page_id=3726"},"modified":"2016-01-05T13:47:44","modified_gmt":"2016-01-05T13:47:44","slug":"nossos-diferenciais","status":"publish","type":"page","link":"https:\/\/www.rerum.com.br\/?page_id=3726","title":{"rendered":"Nossos Diferenciais"},"content":{"rendered":"<div class=\"span9 nossos_diferenciais\" style=\"margin-left: 0px;\">\n<h3>Inova\u00e7\u00e3o<\/h3>\n<h4 style=\"margin-left: 30px;\">Porque est\u00e1 em nosso DNA<\/h4>\n<div class=\"span9\" style=\"border-top: 1px solid #0093AB; margin-left: 0px; padding-top: 10px;\">\n<div class=\"span2\"><a href=\"http:\/\/www.rerum.com.br\/rerum\/wp-content\/uploads\/2016\/01\/Imagem1.jpg\"><img decoding=\"async\" loading=\"lazy\" class=\"alignnone size-medium wp-image-3760\" src=\"https:\/\/www.rerum.com.br\/wp-content\/uploads\/2016\/01\/Imagem1-300x199.jpg\" alt=\"nossos_diferenciais-inovacao\" width=\"300\" height=\"199\" srcset=\"https:\/\/www.rerum.com.br\/wp-content\/uploads\/2016\/01\/Imagem1-300x199.jpg 300w, https:\/\/www.rerum.com.br\/wp-content\/uploads\/2016\/01\/Imagem1.jpg 797w\" sizes=\"(max-width: 300px) 100vw, 300px\" \/><\/a><\/div>\n<div class=\"span6\" style=\"padding-left: 15px;\">\n<p>As solu\u00e7\u00f5es desenvolvidas pela Rerum utilizam informa\u00e7\u00e3o, imagina\u00e7\u00e3o e iniciativa para extrair valor dos recursos dispon\u00edveis e satisfazer as necessidades e as expectativas dos clientes finais. Ao garantir um processo de inova\u00e7\u00e3o cont\u00ednua, a Rerum oferece o ambiente adequado para transformar ideias em produtos e servi\u00e7os vencedores.<\/p>\n<\/div>\n<\/div>\n<\/div>\n<p>&nbsp;<\/p>\n<div class=\"span9 nossos_diferenciais\" style=\"margin-left: 0px;\">\n<h3>Confiabilidade<\/h3>\n<h4 style=\"margin-left: 30px;\">Porque vem do nosso compromisso<\/h4>\n<div class=\"span9\" style=\"border-top: 1px solid #0093AB; margin-left: 0px; padding-top: 10px;\">\n<div class=\"span2\"><a href=\"http:\/\/www.rerum.com.br\/rerum\/wp-content\/uploads\/2016\/01\/industria_sala_de_controle.jpg\"><img decoding=\"async\" loading=\"lazy\" class=\"alignnone wp-image-3773 size-medium\" src=\"https:\/\/www.rerum.com.br\/wp-content\/uploads\/2016\/01\/industria_sala_de_controle-300x187.jpg\" alt=\"\" width=\"300\" height=\"187\" srcset=\"https:\/\/www.rerum.com.br\/wp-content\/uploads\/2016\/01\/industria_sala_de_controle-300x187.jpg 300w, https:\/\/www.rerum.com.br\/wp-content\/uploads\/2016\/01\/industria_sala_de_controle.jpg 652w\" sizes=\"(max-width: 300px) 100vw, 300px\" \/><\/a><\/div>\n<div class=\"span6\" style=\"padding-left: 15px;\">\n<p>As solu\u00e7\u00f5es desenvolvidas pela Rerum apresentam performance consistente nas fun\u00e7\u00f5es que lhes s\u00e3o exigidas, sem degrada\u00e7\u00e3o ou falha. \u00c9 o resultado de um compromisso incans\u00e1vel para produzir resultados ao mesmo tempo precisos e abrangentes.<\/p>\n<\/div>\n<\/div>\n<\/div>\n<p>&nbsp;<\/p>\n<div class=\"span9 nossos_diferenciais\" style=\"margin-left: 0px;\">\n<h3>Agilidade<\/h3>\n<h4 style=\"margin-left: 30px;\">Porque, para n\u00f3s, mais que organizacional, \u00e9 estrat\u00e9gica.<\/h4>\n<div class=\"span9\" style=\"border-top: 1px solid #0093AB; margin-left: 0px; padding-top: 10px;\">\n<div class=\"span2\"><a href=\"http:\/\/www.rerum.com.br\/rerum\/wp-content\/uploads\/2016\/01\/Agilidade3-2.jpg\"><img decoding=\"async\" loading=\"lazy\" class=\"alignnone wp-image-3777 size-medium\" src=\"https:\/\/www.rerum.com.br\/wp-content\/uploads\/2016\/01\/Agilidade3-2-300x168.jpg\" alt=\"\" width=\"300\" height=\"168\" srcset=\"https:\/\/www.rerum.com.br\/wp-content\/uploads\/2016\/01\/Agilidade3-2-300x168.jpg 300w, https:\/\/www.rerum.com.br\/wp-content\/uploads\/2016\/01\/Agilidade3-2.jpg 810w\" sizes=\"(max-width: 300px) 100vw, 300px\" \/><\/a><\/div>\n<div class=\"span6\" style=\"padding-left: 15px;\">\n<p>As solu\u00e7\u00f5es desenvolvidas pela Rerum s\u00e3o capazes de se ajustar rapidamente \u00e0s mudan\u00e7as de mercado. Mas elas v\u00e3o ainda mais longe e se ajustam rapidamente tamb\u00e9m \u00e0s novas ideias, usando essas ideias para novos produtos e modelos de neg\u00f3cio, e assim mantendo a competitividade de nossos clientes.<\/p>\n<\/div>\n<\/div>\n<\/div>\n<p>&nbsp;<\/p>\n<div class=\"span9 nossos_diferenciais\" style=\"margin-left: 0px;\">\n<h3>Estabilidade<\/h3>\n<h4 style=\"margin-left: 30px;\">Porque, para n\u00f3s, \u00e9 o contr\u00e1rio de rigidez.<\/h4>\n<div class=\"span9\" style=\"border-top: 1px solid #0093AB; margin-left: 0px; padding-top: 10px;\">\n<div class=\"span2\"><a href=\"http:\/\/www.rerum.com.br\/rerum\/wp-content\/uploads\/2016\/01\/nossos_diferenciais-estabilidade.jpg\"><img decoding=\"async\" loading=\"lazy\" class=\"alignnone wp-image-3781 size-medium\" src=\"https:\/\/www.rerum.com.br\/wp-content\/uploads\/2016\/01\/nossos_diferenciais-estabilidade-300x225.jpg\" alt=\"\" width=\"300\" height=\"225\" srcset=\"https:\/\/www.rerum.com.br\/wp-content\/uploads\/2016\/01\/nossos_diferenciais-estabilidade-300x225.jpg 300w, https:\/\/www.rerum.com.br\/wp-content\/uploads\/2016\/01\/nossos_diferenciais-estabilidade.jpg 400w\" sizes=\"(max-width: 300px) 100vw, 300px\" \/><\/a><\/div>\n<div class=\"span6\" style=\"padding-left: 15px;\">\n<p>As solu\u00e7\u00f5es desenvolvidas pela Rerum s\u00e3o extremamente est\u00e1veis. Mas isso decorre exatamente do fato de serem desenhadas para reagir ao inesperado e \u00e0s condi\u00e7\u00f5es que podem gerar instabilidade e se antecipar a isso.<\/p>\n<\/div>\n<\/div>\n<\/div>\n<p>&nbsp;<\/p>\n<div class=\"span9 nossos_diferenciais\" style=\"margin-left: 0px;\">\n<h3>Adaptabilidade<\/h3>\n<h4 style=\"margin-left: 30px;\">Porque, para n\u00f3s, \u00e9 chave.<\/h4>\n<div class=\"span9\" style=\"border-top: 1px solid #0093AB; margin-left: 0px; padding-top: 10px;\">\n<div class=\"span2\"><a href=\"http:\/\/www.rerum.com.br\/rerum\/wp-content\/uploads\/2016\/01\/nossos_diferenciais-adaptabilidade.jpg\"><img decoding=\"async\" loading=\"lazy\" class=\"alignnone wp-image-3785 size-medium\" src=\"https:\/\/www.rerum.com.br\/wp-content\/uploads\/2016\/01\/nossos_diferenciais-adaptabilidade-300x168.jpg\" alt=\"\" width=\"300\" height=\"168\" srcset=\"https:\/\/www.rerum.com.br\/wp-content\/uploads\/2016\/01\/nossos_diferenciais-adaptabilidade-300x168.jpg 300w, https:\/\/www.rerum.com.br\/wp-content\/uploads\/2016\/01\/nossos_diferenciais-adaptabilidade.jpg 940w\" sizes=\"(max-width: 300px) 100vw, 300px\" \/><\/a><\/div>\n<div class=\"span6\" style=\"padding-left: 15px;\">\n<p>As solu\u00e7\u00f5es desenvolvidas pela Rerum funcionam como organismos vivos, capazes de perceber o ambiente em volta, aprender com a experi\u00eancia e aumentar o n\u00edvel de competitividade de seus clientes.<\/p>\n<\/div>\n<\/div>\n<\/div>\n<p>&nbsp;<\/p>\n<div class=\"span9 nossos_diferenciais\" style=\"margin-left: 0px;\">\n<h3>Certifica\u00e7\u00e3o MPS.BR<\/h3>\n<div class=\"span9\" style=\"border-top: 1px solid #0093AB; margin-left: 0px; padding-top: 10px;\">\n<div class=\"span2\"><a href=\"http:\/\/www.rerum.com.br\/rerum\/wp-content\/uploads\/2015\/12\/icon_mpsbr.png\"><img decoding=\"async\" loading=\"lazy\" class=\"alignnone wp-image-3691 size-full\" src=\"https:\/\/www.rerum.com.br\/wp-content\/uploads\/2015\/12\/icon_mpsbr.png\" alt=\"\" width=\"243\" height=\"183\" \/><\/a><\/div>\n<div class=\"span6\" style=\"padding-left: 15px;\">\n<p>Sempre na busca por estar atualizada e mantendo um n\u00edvel de excel\u00eancia em seus servi\u00e7os e produtos, a Rerum conquistou a certifica\u00e7\u00e3o MPS.BR (Melhoria de Processos de Software Brasileiro). Esta certifica\u00e7\u00e3o \u00e9 um modelo de qualidade de processos de software desenvolvido no Brasil e completamente voltado a realidade das empresas do nosso pa\u00eds. Desde a \u00faltima d\u00e9cada, como uma iniciativa do Minist\u00e9rio de Ci\u00eancia e Tecnologia (MCT), e da Associa\u00e7\u00e3o para a Promo\u00e7\u00e3o da Excel\u00eancia do Software Brasileiro (Softex), este passou a ser um modelo de refer\u00eancia similar ao CMM e sua certifica\u00e7\u00e3o exige n\u00edveis de servi\u00e7o elevados.<\/p>\n<\/div>\n<\/div>\n<\/div>\n<div style=\"width: 100%; clear: both; height: 30px\"><\/div>\n","protected":false},"excerpt":{"rendered":"<p>Inova\u00e7\u00e3o Porque est\u00e1 em nosso DNA As solu\u00e7\u00f5es desenvolvidas pela Rerum utilizam informa\u00e7\u00e3o, imagina\u00e7\u00e3o e iniciativa para extrair [&hellip;]<\/p>\n","protected":false},"author":12,"featured_media":0,"parent":0,"menu_order":0,"comment_status":"open","ping_status":"open","template":"template-empty-default.php","meta":[],"_links":{"self":[{"href":"https:\/\/www.rerum.com.br\/index.php?rest_route=\/wp\/v2\/pages\/3726"}],"collection":[{"href":"https:\/\/www.rerum.com.br\/index.php?rest_route=\/wp\/v2\/pages"}],"about":[{"href":"https:\/\/www.rerum.com.br\/index.php?rest_route=\/wp\/v2\/types\/page"}],"author":[{"embeddable":true,"href":"https:\/\/www.rerum.com.br\/index.php?rest_route=\/wp\/v2\/users\/12"}],"replies":[{"embeddable":true,"href":"https:\/\/www.rerum.com.br\/index.php?rest_route=%2Fwp%2Fv2%2Fcomments&post=3726"}],"version-history":[{"count":19,"href":"https:\/\/www.rerum.com.br\/index.php?rest_route=\/wp\/v2\/pages\/3726\/revisions"}],"predecessor-version":[{"id":3788,"href":"https:\/\/www.rerum.com.br\/index.php?rest_route=\/wp\/v2\/pages\/3726\/revisions\/3788"}],"wp:attachment":[{"href":"https:\/\/www.rerum.com.br\/index.php?rest_route=%2Fwp%2Fv2%2Fmedia&parent=3726"}],"curies":[{"name":"wp","href":"https:\/\/api.w.org\/{rel}","templated":true}]}}