{"id":3795,"date":"2016-01-05T16:20:25","date_gmt":"2016-01-05T16:20:25","guid":{"rendered":"http:\/\/www.rerum.com.br\/?page_id=3795"},"modified":"2016-02-18T20:36:15","modified_gmt":"2016-02-18T20:36:15","slug":"solucoes-industria","status":"publish","type":"page","link":"https:\/\/www.rerum.com.br\/?page_id=3795","title":{"rendered":"Solu\u00e7\u00f5es \/ Industria"},"content":{"rendered":"<p>Desde 1995, a Rerum realiza projetos de alta complexidade, acumulando mais de 1 milh\u00e3o de horas de consultoria para clientes de todos os portes,\u00a0nos mais variados setores:<\/p>\n<div class=\"service-boxes-wrapper clearfix\">\n<div class=\"service-box-container-solucoes span3\">\n<div class=\"service-box-solucoes clearfix\">\n<div class=\"service-box-front\">\n<p><a href=\"http:\/\/www.rerum.com.br\/rerum\/wp-content\/uploads\/2016\/01\/industria-eletrica.jpg\"><img decoding=\"async\" loading=\"lazy\" class=\"icon-servicos alignnone wp-image-4168 size-medium\" src=\"https:\/\/www.rerum.com.br\/wp-content\/uploads\/2016\/01\/industria-eletrica-300x198.jpg\" alt=\"\" width=\"300\" height=\"198\" \/><\/a><\/p>\n<div class=\"service-title\">\n<p>Energia El\u00e9trica e Outras Utilidades<\/p>\n<\/div>\n<div class=\"service-content\">\n<p>Solu\u00e7\u00f5es est\u00e1veis com arquitetura industrial s\u00f3lida e efici\u00eancia operacional 24\/7<\/p>\n<\/div>\n<\/div>\n<div class=\"service-box-back\"><\/div>\n<\/div>\n<\/div>\n<div class=\"service-box-container-solucoes span3\">\n<div class=\"service-box-solucoes clearfix\">\n<div class=\"service-box-front\">\n<p><a href=\"http:\/\/www.rerum.com.br\/rerum\/wp-content\/uploads\/2016\/01\/sistema-financeiro.jpg\"><img decoding=\"async\" loading=\"lazy\" class=\"icon-servicos alignnone wp-image-4164 size-medium\" src=\"https:\/\/www.rerum.com.br\/wp-content\/uploads\/2016\/01\/sistema-financeiro-300x198.jpg\" alt=\"\" width=\"300\" height=\"198\" \/><\/a><\/p>\n<div class=\"service-title\">\n<p>Sistema Financeiro<\/p>\n<\/div>\n<div class=\"service-content\">\n<p>Solu\u00e7\u00f5es \u00e1geis com modelo mais inteligente, para se ajustar mais rapidamente \u00e0s mudan\u00e7as de mercado<\/p>\n<\/div>\n<\/div>\n<div class=\"service-box-back\"><\/div>\n<\/div>\n<\/div>\n<div class=\"service-box-container-solucoes span3\">\n<div class=\"service-box-solucoes clearfix\">\n<div class=\"service-box-front\">\n<p><a href=\"http:\/\/www.rerum.com.br\/rerum\/wp-content\/uploads\/2016\/01\/telecomunicacoes.jpg\"><img decoding=\"async\" loading=\"lazy\" class=\"icon-servicos alignnone wp-image-4172 size-medium\" src=\"https:\/\/www.rerum.com.br\/wp-content\/uploads\/2016\/01\/telecomunicacoes-300x198.jpg\" alt=\"\" width=\"300\" height=\"198\" \/><\/a><\/p>\n<div class=\"service-title\">\n<p>Telecomunica\u00e7\u00f5es<\/p>\n<\/div>\n<div class=\"service-content\">\n<p>Solu\u00e7\u00f5es \u00e1geis com modelo mais inteligente, para garantir uma melhor Experi\u00eancia do Cliente<\/p>\n<\/div>\n<\/div>\n<div class=\"service-box-back\"><\/div>\n<\/div>\n<\/div>\n<\/div>\n<div class=\"service-boxes-wrapper clearfix\">\n<div class=\"service-box-container-solucoes span3\">\n<div class=\"service-box-solucoes clearfix\">\n<div class=\"service-box-front\">\n<p><a href=\"http:\/\/www.rerum.com.br\/rerum\/wp-content\/uploads\/2016\/01\/combustiveis.jpg\"><img decoding=\"async\" loading=\"lazy\" class=\"icon-servicos alignnone wp-image-4175 size-medium\" src=\"https:\/\/www.rerum.com.br\/wp-content\/uploads\/2016\/01\/combustiveis-300x198.jpg\" alt=\"\" width=\"300\" height=\"198\" \/><\/a><\/p>\n<div class=\"service-title\">\n<p>Combust\u00edveis<\/p>\n<\/div>\n<div class=\"service-content\">\n<p>Solu\u00e7\u00f5es est\u00e1veis com arquitetura industrial s\u00f3lida e efici\u00eancia operacional 24\/7<\/p>\n<\/div>\n<\/div>\n<div class=\"service-box-back\"><\/div>\n<\/div>\n<\/div>\n<div class=\"service-box-container-solucoes span3\">\n<div class=\"service-box-solucoes clearfix\">\n<div class=\"service-box-front\">\n<p><a href=\"http:\/\/www.rerum.com.br\/rerum\/wp-content\/uploads\/2016\/01\/cosmeticos.jpg\"><img decoding=\"async\" loading=\"lazy\" class=\"icon-servicos alignnone wp-image-4179 size-medium\" src=\"https:\/\/www.rerum.com.br\/wp-content\/uploads\/2016\/01\/cosmeticos-300x198.jpg\" alt=\"\" width=\"300\" height=\"198\" \/><\/a><\/p>\n<div class=\"service-title\">\n<p>Cosm\u00e9ticos<\/p>\n<\/div>\n<div class=\"service-content\">\n<p>Solu\u00e7\u00f5es inovadoras nas quais informa\u00e7\u00e3o, imagina\u00e7\u00e3o e iniciativa transformam ideias em produtos de sucesso<\/p>\n<\/div>\n<\/div>\n<div class=\"service-box-back\"><\/div>\n<\/div>\n<\/div>\n<div class=\"service-box-container-solucoes span3\">\n<div class=\"service-box-solucoes clearfix\">\n<div class=\"service-box-front\">\n<p><a href=\"http:\/\/www.rerum.com.br\/rerum\/wp-content\/uploads\/2016\/01\/orgao-governamentais.jpg\"><img decoding=\"async\" loading=\"lazy\" class=\"icon-servicos alignnone wp-image-4182 size-medium\" src=\"https:\/\/www.rerum.com.br\/wp-content\/uploads\/2016\/01\/orgao-governamentais-300x198.jpg\" alt=\"\" width=\"300\" height=\"198\" \/><\/a><\/p>\n<div class=\"service-title\">\n<p>\u00d3rg\u00e3os Governamentais<\/p>\n<\/div>\n<div class=\"service-content\">\n<p>Solu\u00e7\u00f5es sustent\u00e1veis e integradas, com desempenho s\u00f3lido e consistente<\/p>\n<\/div>\n<\/div>\n<div class=\"service-box-back\"><\/div>\n<\/div>\n<\/div>\n<\/div>\n<div class=\"service-boxes-wrapper clearfix\">\n<div class=\"service-box-container-solucoes span3\">\n<div class=\"service-box-solucoes clearfix\">\n<div class=\"service-box-front\">\n<p><a href=\"http:\/\/www.rerum.com.br\/rerum\/wp-content\/uploads\/2016\/01\/seguradoras.jpg\"><img decoding=\"async\" loading=\"lazy\" class=\"icon-servicos alignnone wp-image-4186 size-medium\" src=\"https:\/\/www.rerum.com.br\/wp-content\/uploads\/2016\/01\/seguradoras-300x198.jpg\" alt=\"\" width=\"300\" height=\"198\" \/><\/a><\/p>\n<div class=\"service-title\">\n<p>Seguradoras<\/p>\n<\/div>\n<div class=\"service-content\">\n<p>Solu\u00e7\u00f5es \u00e1geis com modelo mais inteligente, que permite flexibilidade dos processos e redu\u00e7\u00e3o de custos<\/p>\n<\/div>\n<\/div>\n<div class=\"service-box-back\"><\/div>\n<\/div>\n<\/div>\n<div class=\"service-box-container-solucoes span3\">\n<div class=\"service-box-solucoes clearfix\">\n<div class=\"service-box-front\">\n<p><a href=\"http:\/\/www.rerum.com.br\/rerum\/wp-content\/uploads\/2016\/01\/varejo.jpg\"><img decoding=\"async\" loading=\"lazy\" class=\"icon-servicos alignnone wp-image-4189 size-medium\" src=\"https:\/\/www.rerum.com.br\/wp-content\/uploads\/2016\/01\/varejo-300x198.jpg\" alt=\"\" width=\"300\" height=\"198\" \/><\/a><\/p>\n<div class=\"service-title\">\n<p>Varejo<\/p>\n<\/div>\n<div class=\"service-content\">\n<p>Solu\u00e7\u00f5es adapt\u00e1veis, que aprendem com a experi\u00eancia para aumentar o n\u00edvel de competitividade<\/p>\n<\/div>\n<\/div>\n<div class=\"service-box-back\"><\/div>\n<\/div>\n<\/div>\n<\/div>\n","protected":false},"excerpt":{"rendered":"<p>Desde 1995, a Rerum realiza projetos de alta complexidade, acumulando mais de 1 milh\u00e3o de horas de consultoria [&hellip;]<\/p>\n","protected":false},"author":12,"featured_media":0,"parent":0,"menu_order":0,"comment_status":"open","ping_status":"open","template":"template-empty-default.php","meta":[],"_links":{"self":[{"href":"https:\/\/www.rerum.com.br\/index.php?rest_route=\/wp\/v2\/pages\/3795"}],"collection":[{"href":"https:\/\/www.rerum.com.br\/index.php?rest_route=\/wp\/v2\/pages"}],"about":[{"href":"https:\/\/www.rerum.com.br\/index.php?rest_route=\/wp\/v2\/types\/page"}],"author":[{"embeddable":true,"href":"https:\/\/www.rerum.com.br\/index.php?rest_route=\/wp\/v2\/users\/12"}],"replies":[{"embeddable":true,"href":"https:\/\/www.rerum.com.br\/index.php?rest_route=%2Fwp%2Fv2%2Fcomments&post=3795"}],"version-history":[{"count":50,"href":"https:\/\/www.rerum.com.br\/index.php?rest_route=\/wp\/v2\/pages\/3795\/revisions"}],"predecessor-version":[{"id":4153,"href":"https:\/\/www.rerum.com.br\/index.php?rest_route=\/wp\/v2\/pages\/3795\/revisions\/4153"}],"wp:attachment":[{"href":"https:\/\/www.rerum.com.br\/index.php?rest_route=%2Fwp%2Fv2%2Fmedia&parent=3795"}],"curies":[{"name":"wp","href":"https:\/\/api.w.org\/{rel}","templated":true}]}}