{"id":4098,"date":"2016-01-21T13:56:21","date_gmt":"2016-01-21T13:56:21","guid":{"rendered":"http:\/\/www.rerum.com.br\/?page_id=4098"},"modified":"2016-06-20T21:18:00","modified_gmt":"2016-06-20T21:18:00","slug":"quem-somos","status":"publish","type":"page","link":"https:\/\/www.rerum.com.br\/?page_id=4098","title":{"rendered":"Quem Somos"},"content":{"rendered":"<div class=\"duas-colunas\">\n<p>A Rerum nasceu em abril de 1995 e desde o in\u00edcio prop\u00f4s-se como miss\u00e3o estrat\u00e9gica transformar tecnologias emergentes em vantagens competitivas para os seus clientes. Para isso, conta com uma equipe que \u00e9 90% composta por t\u00e9cnicos \u2013 engenheiros de software, arquitetos, analistas e programadores \u2013 diretamente envolvidos no desenvolvimento de sistemas.<\/p>\n<p>Atualmente, tem sede em S\u00e3o Paulo e filiais no Rio de Janeiro &#8211; RJ, Juiz de Fora &#8211; MG, e Barbacena &#8211; MG. Sua atua\u00e7\u00e3o, por\u00e9m, estende-se para todo o territ\u00f3rio nacional, pois al\u00e9m de contar com equipes de desenvolvimento em seus quatro sites, atua presencialmente em v\u00e1rios de seus clientes e parceiros.<\/p>\n<p>Entre as cidades nas quais tem desenvolvido projetos de forma praticamente permanente, destaca-se Belo Horizonte-MG, Piracicaba-SP, Campinas-SP, Recife-PE, Fortaleza-CE, Goi\u00e2nia-GO, Bras\u00edlia-DF, Porto Alegre-RS e Vit\u00f3ria-ES.<\/p>\n<\/div>\n<div style=\"width: 100%; clear: both; height: 35px\"><\/div>\n<div class=\"quem_somos\">\n<h4>Um olhar permanentemente voltado para o futuro<\/h4>\n<hr \/>\n<div class=\"duas-colunas\">\n<p>A busca constante por novas tecnologias fez da Rerum uma das empresas brasileiras pioneiras no emprego da industrializa\u00e7\u00e3o de componentes (f\u00e1brica de software e projetos), certifica\u00e7\u00e3o de processos de desenvolvimento de software \u2013 ISO\/SEI-CMM, al\u00e9m de viabilizar tecnologias voltadas a objeto com \u00eanfase no reuso e administra\u00e7\u00e3o de componentes nas arquiteturas distribu\u00eddas e Web Corporativa.<\/p>\n<p>A empresa \u00e9 inovadora tamb\u00e9m em seus modelos de neg\u00f3cio. A Rerum \u00e9 s\u00f3cia majorit\u00e1ria da BMA Brasil -BMA Software e Servi\u00e7os para Gest\u00e3o de Neg\u00f3cios Ltda, empresa criada em 2003 para oferecer ao mercado servi\u00e7os de gest\u00e3o remota atrav\u00e9s de software, na modalidade comercial de ASP \u2013 Application Service Provider, e para comercializar os seus produtos. O principal produto comercializado \u00e9 a Suite SobControle, composta pelos sistemas: Automa\u00e7\u00e3o Comercial SobControle, solu\u00e7\u00e3o para gest\u00e3o de lojas individuais ou em rede, <strong><span style=\"color: #000080;\"><a style=\"color: #000080;\" href=\"http:\/\/www.sobcontrole.com.br\/fazenda\/\" target=\"_blank\">Fazenda SobControle, solu\u00e7\u00e3o de gerenciamento de fazendas por aplicativo Web e Mobile<\/a><\/span><\/strong>, Ponto Eletr\u00f4nico SobControle, solu\u00e7\u00e3o Mobile para gerenciamento de ponto de equipes que atendem clientes, e Servi\u00e7os de Campo SobControle, solu\u00e7\u00e3o mobile que gerencia as atividades das equipes de campo.<\/p>\n<p>Al\u00e9m disso, estabeleceu com importantes empresas globais, como Sparx Systems, Rogue Wave e Atlassian, acordos de parceria, distribui\u00e7\u00e3o e representa\u00e7\u00e3o de softwares. E continua aberta a novas parcerias e oportunidades comerciais, desde que alinhadas com sua vis\u00e3o, seu posicionamento e seu perfil de atua\u00e7\u00e3o.<\/p>\n<\/div>\n<p><img decoding=\"async\" loading=\"lazy\" class=\"wp-image-4156 aligncenter\" src=\"https:\/\/www.rerum.com.br\/wp-content\/uploads\/2016\/01\/reuse-logo-1.png\" alt=\"\" width=\"105\" height=\"97\" \/><\/p>\n<\/div>\n<div class=\"quem_somos\">\n<h4><div style=\"width: 100%; clear: both; height: 35px\"><\/div><\/h4>\n<h4>Mas com os p\u00e9s firmemente assentados na realidade<\/h4>\n<hr \/>\n<div class=\"duas-colunas\">\n<p>O conhecimento profundo das tecnologias que utiliza e do mercado onde atua, a predisposi\u00e7\u00e3o em manter fortes investimentos em capacita\u00e7\u00e3o e a grande experi\u00eancia de atua\u00e7\u00e3o em ramos de neg\u00f3cios diversificados t\u00eam sido os fatores decisivos para garantir o sucesso da Rerum em concorr\u00eancias para a realiza\u00e7\u00e3o de projetos de alta criticidade, al\u00e9m de contratos com empresas de grande porte. Sua experi\u00eancia de mais de um milh\u00e3o de horas no desenvolvimento de sistemas funciona como diferencial importante na escolha da melhor estrat\u00e9gia para materializar alternativas tecnol\u00f3gicas em lucro. Prova disso \u00e9 a sua carteira de clientes, composta por empresas p\u00fablicas e privadas de m\u00e9dio e grande porte.<\/p>\n<\/div>\n<\/div>\n<div class=\"quem_somos\">\n<div class=\"span5\" style=\"margin-left: 0;\">\n<h4><div style=\"width: 100%; clear: both; height: 35px\"><\/div><\/h4>\n<h4><strong>Qualidade de produtos e servi\u00e7os, uma obsess\u00e3o<\/strong><\/h4>\n<hr \/>\n<div class=\"span3\" style=\"margin-left: 0;\">\n<p>A Rerum tem verdadeira obsess\u00e3o pela qualidade de seus produtos e servi\u00e7os, como pode ser comprovado de tr\u00eas maneiras:<\/p>\n<\/div>\n<div class=\"span2\" style=\"margin-left: 15;\"><a href=\"http:\/\/www.rerum.com.br\/rerum\/wp-content\/uploads\/2015\/12\/icon_mpsbr.png\"><img decoding=\"async\" loading=\"lazy\" class=\"alignnone wp-image-3691\" src=\"https:\/\/www.rerum.com.br\/wp-content\/uploads\/2015\/12\/icon_mpsbr.png\" alt=\"icon_mpsbr\" width=\"124\" height=\"93\" \/><\/a><\/div>\n<div class=\"span5\" style=\"margin-left: 0;\">\n<ol>\n<li>As certifica\u00e7\u00f5es obtidas pela empresa e por seu corpo profissional \u2013 MPS-BR, CMMi, Microsoft, Oracle e ISTQB<\/li>\n<li>A utiliza\u00e7\u00e3o de \u201cf\u00e1bricas de testes independentes\u201d que qualificam as solu\u00e7\u00f5es desenvolvidas pela organiza\u00e7\u00e3o<\/li>\n<li>O foco na efici\u00eancia profissional, com os trabalhos sendo sempre guiados por processos e m\u00e9todos que privilegiam as melhores pr\u00e1ticas no desenvolvimento de sistemas e que est\u00e3o sempre em melhoria cont\u00ednua<\/li>\n<\/ol>\n<\/div>\n<\/div>\n<div class=\"span4\">\n<h4><div style=\"width: 100%; clear: both; height: 35px\"><\/div><\/h4>\n<h4><strong>Comprometimento da equipe, uma vantagem competitiva<\/strong><\/h4>\n<hr \/>\n<p>O baix\u00edssimo turn-over comprova o acerto da filosofia da empresa, que \u00e9 a de fomentar a constante evolu\u00e7\u00e3o e a amplia\u00e7\u00e3o da compet\u00eancia da equipe, com novos conhecimentos e t\u00e9cnicas. Eles s\u00e3o realmente comprometidos e assumem que o sucesso da Rerum depende primordialmente do sucesso dos seus clientes, e que os softwares, as solu\u00e7\u00f5es e as plataformas desenvolvidas precisam estar alinhados com os objetivos estrat\u00e9gicos de neg\u00f3cios.<\/p>\n<\/div>\n<\/div>\n<div style=\"width: 100%; clear: both; height: 30px\"><\/div>\n<h3><strong>Parceiros oficiais<\/strong><\/h3>\n<hr \/>\n<div class=\"centralizar\"><a href=\"http:\/\/www.rerum.com.br\/rerum\/wp-content\/uploads\/2015\/02\/atlassian.png\"><img decoding=\"async\" loading=\"lazy\" class=\"size-full wp-image-1947\" src=\"https:\/\/www.rerum.com.br\/wp-content\/uploads\/2015\/02\/atlassian.png\" alt=\"atlassian\" width=\"150\" height=\"150\" srcset=\"https:\/\/www.rerum.com.br\/wp-content\/uploads\/2015\/02\/atlassian.png 270w, https:\/\/www.rerum.com.br\/wp-content\/uploads\/2015\/02\/atlassian-150x150.png 150w, https:\/\/www.rerum.com.br\/wp-content\/uploads\/2015\/02\/atlassian-190x190.png 190w\" sizes=\"(max-width: 150px) 100vw, 150px\" \/><\/a><a href=\"http:\/\/www.rerum.com.br\/rerum\/wp-content\/uploads\/2015\/02\/LSparx.png\"><img decoding=\"async\" loading=\"lazy\" class=\"size-full wp-image-1935\" src=\"https:\/\/www.rerum.com.br\/wp-content\/uploads\/2015\/02\/LSparx.png\" alt=\"LSparx\" width=\"150\" height=\"150\" srcset=\"https:\/\/www.rerum.com.br\/wp-content\/uploads\/2015\/02\/LSparx.png 270w, https:\/\/www.rerum.com.br\/wp-content\/uploads\/2015\/02\/LSparx-150x150.png 150w, https:\/\/www.rerum.com.br\/wp-content\/uploads\/2015\/02\/LSparx-190x190.png 190w\" sizes=\"(max-width: 150px) 100vw, 150px\" \/><\/a><a href=\"http:\/\/www.rerum.com.br\/rerum\/wp-content\/uploads\/2015\/08\/Microsoft.jpg\"><img decoding=\"async\" loading=\"lazy\" class=\"size-full wp-image-3566\" src=\"https:\/\/www.rerum.com.br\/wp-content\/uploads\/2015\/08\/Microsoft.jpg\" alt=\"Microsoft\" width=\"150\" height=\"150\" srcset=\"https:\/\/www.rerum.com.br\/wp-content\/uploads\/2015\/08\/Microsoft.jpg 270w, https:\/\/www.rerum.com.br\/wp-content\/uploads\/2015\/08\/Microsoft-150x150.jpg 150w, https:\/\/www.rerum.com.br\/wp-content\/uploads\/2015\/08\/Microsoft-190x190.jpg 190w\" sizes=\"(max-width: 150px) 100vw, 150px\" \/><\/a><br \/>\n<div style=\"width: 100%; clear: both; height: 30px\"><\/div><\/p>\n<p style=\"text-align: center;\"><strong>Dom\u00ednio absoluto nas linguagens<\/strong> WEB,\u00a0C++,\u00a0Windows,\u00a0\u00a0Linux,\u00a0\u00a0Mobile,\u00a0\u00a0.Net,\u00a0ASP,\u00a0JAVA,\u00a0\u00a0VB,\u00a0\u00a0OO,\u00a0MSSQL,\u00a0\u00a0Delphi,\u00a0\u00a0HTML5,\u00a0FLASH,\u00a0Android,\u00a0\u00a0\u00a0MySql,<br \/>\nPostGreSQL,\u00a0\u00a0WebSphere,\u00a0SharePoint,\u00a0\u00a0Oracle,\u00a0\u00a0iOS\u00a0.<\/p>\n<\/div>\n","protected":false},"excerpt":{"rendered":"<p>A Rerum nasceu em abril de 1995 e desde o in\u00edcio prop\u00f4s-se como miss\u00e3o estrat\u00e9gica transformar tecnologias emergentes [&hellip;]<\/p>\n","protected":false},"author":12,"featured_media":0,"parent":0,"menu_order":0,"comment_status":"closed","ping_status":"closed","template":"template-empty-default.php","meta":[],"_links":{"self":[{"href":"https:\/\/www.rerum.com.br\/index.php?rest_route=\/wp\/v2\/pages\/4098"}],"collection":[{"href":"https:\/\/www.rerum.com.br\/index.php?rest_route=\/wp\/v2\/pages"}],"about":[{"href":"https:\/\/www.rerum.com.br\/index.php?rest_route=\/wp\/v2\/types\/page"}],"author":[{"embeddable":true,"href":"https:\/\/www.rerum.com.br\/index.php?rest_route=\/wp\/v2\/users\/12"}],"replies":[{"embeddable":true,"href":"https:\/\/www.rerum.com.br\/index.php?rest_route=%2Fwp%2Fv2%2Fcomments&post=4098"}],"version-history":[{"count":6,"href":"https:\/\/www.rerum.com.br\/index.php?rest_route=\/wp\/v2\/pages\/4098\/revisions"}],"predecessor-version":[{"id":4159,"href":"https:\/\/www.rerum.com.br\/index.php?rest_route=\/wp\/v2\/pages\/4098\/revisions\/4159"}],"wp:attachment":[{"href":"https:\/\/www.rerum.com.br\/index.php?rest_route=%2Fwp%2Fv2%2Fmedia&parent=4098"}],"curies":[{"name":"wp","href":"https:\/\/api.w.org\/{rel}","templated":true}]}}