{"id":2225,"date":"2014-10-24T05:32:05","date_gmt":"2014-10-24T05:32:05","guid":{"rendered":"http:\/\/www.rerum.com.br\/?page_id=2225"},"modified":"2016-01-21T12:42:59","modified_gmt":"2016-01-21T12:42:59","slug":"produtos-2","status":"publish","type":"page","link":"https:\/\/www.rerum.com.br\/?page_id=2225&lang=en","title":{"rendered":"Produtos"},"content":{"rendered":"<p>O processo de desenvolvimento de sistemas certamente ser\u00e1 muito mais eficiente quando apoiado pelo uso das ferramentas adequadas. Ferramentas que ampliem a capacidade de seus profissionais quanto \u00e0 produtividade e qualidade do c\u00f3digo gerado. A Rerum sabe disso e por isso utiliza, recomenda e comercializa no Brasil algumas das melhores ferramentas do mercado mundial para que sua empresa tamb\u00e9m possa usufruir dos mesmos benef\u00edcios que sua pr\u00f3pria F\u00e1brica de Software.<\/p>\n<div class=\"span9 produtos\" style=\"margin-left: 0px;\">\n<h3>Rerum Business Transaction Services (RBTS)<\/h3>\n<div class=\"span9\" style=\"border-top: 1px solid #0093AB; margin-left: 0px; padding-top: 10px;\">\n<div class=\"span2\"><a href=\"http:\/\/www.rerum.com.br\/rerum\/wp-content\/uploads\/2015\/12\/RBTS-imagem.jpg\"><img decoding=\"async\" loading=\"lazy\" class=\"alignnone wp-image-3669 size-medium\" src=\"https:\/\/www.rerum.com.br\/wp-content\/uploads\/2015\/12\/RBTS-imagem-300x232.jpg\" alt=\"\" width=\"300\" height=\"232\" srcset=\"https:\/\/www.rerum.com.br\/wp-content\/uploads\/2015\/12\/RBTS-imagem-300x232.jpg 300w, https:\/\/www.rerum.com.br\/wp-content\/uploads\/2015\/12\/RBTS-imagem.jpg 778w\" sizes=\"(max-width: 300px) 100vw, 300px\" \/><\/a><\/div>\n<div class=\"span6\" style=\"padding-left: 15px;\">\n<p>Trata-se de um Framework de Neg\u00f3cios e Componentes que possui um robusto n\u00facleo de componentes de neg\u00f3cio. Sua aplica\u00e7\u00e3o permite a redu\u00e7\u00e3o de at\u00e9 80% no esfor\u00e7o na implementa\u00e7\u00e3o de solu\u00e7\u00f5es voltadas \u00e0: captura, autoriza\u00e7\u00e3o, processamento e billing de transa\u00e7\u00f5es comerciais e sua integra\u00e7\u00e3o com outros processos de neg\u00f3cio. Este n\u00facleo de componentes est\u00e1 em uso e amadurecido desde 2002 e suporta atualmente milh\u00f5es de transa\u00e7\u00f5es mensais para clientes de grande porte nas \u00e1reas de energia, telecom e financeira.<\/p>\n<\/div>\n<\/div>\n<\/div>\n<p>&nbsp;<\/p>\n<div class=\"span9 produtos\" style=\"margin-left: 0px;\">\n<h3>SPARX SYSTEMS<\/h3>\n<div class=\"span9\" style=\"border-top: 1px solid #0093AB; margin-left: 0px; padding-top: 10px;\">\n<div class=\"span2\"><a href=\"http:\/\/www.rerum.com.br\/rerum\/wp-content\/uploads\/2014\/10\/SparxSystems-Logo-Pos-RGB-lrg.jpg\"><img decoding=\"async\" loading=\"lazy\" class=\"alignnone wp-image-3817 size-medium\" src=\"https:\/\/www.rerum.com.br\/wp-content\/uploads\/2014\/10\/SparxSystems-Logo-Pos-RGB-lrg-300x69.jpg\" alt=\"\" width=\"300\" height=\"69\" srcset=\"https:\/\/www.rerum.com.br\/wp-content\/uploads\/2014\/10\/SparxSystems-Logo-Pos-RGB-lrg-300x69.jpg 300w, https:\/\/www.rerum.com.br\/wp-content\/uploads\/2014\/10\/SparxSystems-Logo-Pos-RGB-lrg-1024x238.jpg 1024w, https:\/\/www.rerum.com.br\/wp-content\/uploads\/2014\/10\/SparxSystems-Logo-Pos-RGB-lrg.jpg 1772w\" sizes=\"(max-width: 300px) 100vw, 300px\" \/><\/a><\/div>\n<div class=\"span6\" style=\"padding-left: 15px;\">\n<p>A Rerum \u00e9 distribuidora oficial no Brasil da ferramenta Enterprise Architect, principal produto da Sparx Systems, uma empresa australiana especializada no desenvolvimento de ferramentas de software de alta performance, alta produtividade e escalabilidade para design, planejamento e constru\u00e7\u00e3o de aplica\u00e7\u00f5es. Abrangendo o completo ciclo de vida do desenvolvimento de sistemas o Enterprise Architect \u00e9 hoje a melhor solu\u00e7\u00e3o no mercado para aumentar a produtividade de sua equipe de desenvolvimento.<\/p>\n<\/div>\n<\/div>\n<\/div>\n<p>&nbsp;<\/p>\n<div class=\"span9 produtos\" style=\"margin-left: 0px;\">\n<h3>ROGUE WAVE<\/h3>\n<div class=\"span9\" style=\"border-top: 1px solid #0093AB; margin-left: 0px; padding-top: 10px;\">\n<div class=\"span2\"><a href=\"http:\/\/www.rerum.com.br\/rerum\/wp-content\/uploads\/2014\/10\/rogue_wave_software.png\"><img decoding=\"async\" loading=\"lazy\" class=\"alignnone wp-image-3814 size-medium\" src=\"https:\/\/www.rerum.com.br\/wp-content\/uploads\/2014\/10\/rogue_wave_software-300x234.png\" alt=\"\" width=\"300\" height=\"234\" srcset=\"https:\/\/www.rerum.com.br\/wp-content\/uploads\/2014\/10\/rogue_wave_software-300x234.png 300w, https:\/\/www.rerum.com.br\/wp-content\/uploads\/2014\/10\/rogue_wave_software.png 465w\" sizes=\"(max-width: 300px) 100vw, 300px\" \/><\/a><\/div>\n<div class=\"span6\" style=\"padding-left: 15px;\">\n<p>A Rerum representa no Brasil as bibliotecas de componentes e servi\u00e7os de software reutiliz\u00e1veis da Rogue Wave Software, divis\u00e3o da americana Quovadx Inc. Frameworks SOA, componentes para o desenvolvimento de interfaces visuais para aplica\u00e7\u00f5es client, componentes para agilizar o desenvolvimento de aplica\u00e7\u00f5es distribu\u00eddas sobre m\u00faltiplas plataformas, e toda uma gama de bibliotecas C++ para ampliar a produtividade dos profissionais de desenvolvimento de aplica\u00e7\u00f5es.<\/p>\n<\/div>\n<\/div>\n<\/div>\n<p>&nbsp;<\/p>\n<div class=\"span9 produtos\" style=\"margin-left: 0px;\">\n<h3>JIRA \u2013 ATLASSIAN<\/h3>\n<div class=\"span9\" style=\"border-top: 1px solid #0093AB; margin-left: 0px; padding-top: 10px;\">\n<div class=\"span2\"><a href=\"http:\/\/www.rerum.com.br\/rerum\/wp-content\/uploads\/2015\/02\/Jira.png\"><img decoding=\"async\" loading=\"lazy\" class=\"alignnone wp-image-1905 size-full\" src=\"https:\/\/www.rerum.com.br\/wp-content\/uploads\/2015\/02\/Jira.png\" alt=\"\" width=\"270\" height=\"270\" srcset=\"https:\/\/www.rerum.com.br\/wp-content\/uploads\/2015\/02\/Jira.png 270w, https:\/\/www.rerum.com.br\/wp-content\/uploads\/2015\/02\/Jira-150x150.png 150w, https:\/\/www.rerum.com.br\/wp-content\/uploads\/2015\/02\/Jira-190x190.png 190w\" sizes=\"(max-width: 270px) 100vw, 270px\" \/><\/a><\/div>\n<div class=\"span6\" style=\"padding-left: 15px;\">\n<p>Somos Expert Partner e representamos no Brasil a ATLASSIAN, Companhia Australiana fundada em 2002 fabricante da Ferramenta JIRA que faz gerenciamento de equipes de desenvolvimento, cuidando do planejamento e controle de todas as atividade do projeto em ambiente colaborativo. Com o Jira a rastreabilidade total do projeto \u00e9 gerenciada, em especial a equipes de desenvolvimento, manuten\u00e7\u00e3o e suporte de software, com recursos para registro de atendimentos, listas de pend\u00eancias, manuten\u00e7\u00f5es e os respectivos apontamento de horas dos profissionais que atuam na constru\u00e7\u00e3o ou manuten\u00e7\u00e3o dos sistemas.<\/p>\n<\/div>\n<\/div>\n<\/div>\n<div style=\"width: 100%; clear: both; height: 30px\"><\/div>\n","protected":false},"excerpt":{"rendered":"<p>O processo de desenvolvimento de sistemas certamente ser\u00e1 muito mais eficiente quando apoiado pelo uso das ferramentas adequadas. [&hellip;]<\/p>\n","protected":false},"author":1,"featured_media":0,"parent":0,"menu_order":0,"comment_status":"open","ping_status":"open","template":"template-empty-default.php","meta":[],"_links":{"self":[{"href":"https:\/\/www.rerum.com.br\/index.php?rest_route=\/wp\/v2\/pages\/2225"}],"collection":[{"href":"https:\/\/www.rerum.com.br\/index.php?rest_route=\/wp\/v2\/pages"}],"about":[{"href":"https:\/\/www.rerum.com.br\/index.php?rest_route=\/wp\/v2\/types\/page"}],"author":[{"embeddable":true,"href":"https:\/\/www.rerum.com.br\/index.php?rest_route=\/wp\/v2\/users\/1"}],"replies":[{"embeddable":true,"href":"https:\/\/www.rerum.com.br\/index.php?rest_route=%2Fwp%2Fv2%2Fcomments&post=2225"}],"version-history":[{"count":11,"href":"https:\/\/www.rerum.com.br\/index.php?rest_route=\/wp\/v2\/pages\/2225\/revisions"}],"predecessor-version":[{"id":4070,"href":"https:\/\/www.rerum.com.br\/index.php?rest_route=\/wp\/v2\/pages\/2225\/revisions\/4070"}],"wp:attachment":[{"href":"https:\/\/www.rerum.com.br\/index.php?rest_route=%2Fwp%2Fv2%2Fmedia&parent=2225"}],"curies":[{"name":"wp","href":"https:\/\/api.w.org\/{rel}","templated":true}]}}