{"id":3025,"date":"2013-10-13T11:28:53","date_gmt":"2013-10-13T11:28:53","guid":{"rendered":"http:\/\/www.rerum.com.br\/?page_id=3025"},"modified":"2015-08-11T19:05:00","modified_gmt":"2015-08-11T19:05:00","slug":"contact","status":"publish","type":"page","link":"https:\/\/www.rerum.com.br\/?page_id=3025&lang=es","title":{"rendered":"Contacto Rerum"},"content":{"rendered":"\n        <div class=\"page-element\" style=\"background: #f5f5f6\">\n            <div class=\"container\">\n                <\/p>\n<p><div style=\"width: 100%; clear: both; height: 35px\"><\/div><\/p>\n<h4><\/h4>\n<p>&nbsp;<\/p>\n<h4><\/h4>\n<h2>Contacto Rerum!<\/h2>\n<p>Nuestro compromiso y experiencia en tecnolog\u00eda nos califica para asistir su compa\u00f1\u00eda y mejorar sus servicios. Preferimos un contacto personal con nuestros clientes, proveedores y socios. Le probemos con nuestros n\u00fameros de tel\u00e9fonos y direcciones\u00a0 arriba. De esta manera podemos clarificar cualquier duda acerca de nuestro trabajo. Si usted prefiere usar e-mail , por favor use la forma de bajo y responderemos lo mas pronto posible , Muchas gracias!<\/p>\n<p><div style=\"width: 100%; clear: both; height: 35px\"><\/div><\/p>\n<p>\n            <\/div>\n        <\/div>\n    \n","protected":false},"excerpt":{"rendered":"","protected":false},"author":1,"featured_media":0,"parent":0,"menu_order":0,"comment_status":"open","ping_status":"open","template":"template-contact.php","meta":[],"_links":{"self":[{"href":"https:\/\/www.rerum.com.br\/index.php?rest_route=\/wp\/v2\/pages\/3025"}],"collection":[{"href":"https:\/\/www.rerum.com.br\/index.php?rest_route=\/wp\/v2\/pages"}],"about":[{"href":"https:\/\/www.rerum.com.br\/index.php?rest_route=\/wp\/v2\/types\/page"}],"author":[{"embeddable":true,"href":"https:\/\/www.rerum.com.br\/index.php?rest_route=\/wp\/v2\/users\/1"}],"replies":[{"embeddable":true,"href":"https:\/\/www.rerum.com.br\/index.php?rest_route=%2Fwp%2Fv2%2Fcomments&post=3025"}],"version-history":[{"count":10,"href":"https:\/\/www.rerum.com.br\/index.php?rest_route=\/wp\/v2\/pages\/3025\/revisions"}],"predecessor-version":[{"id":3227,"href":"https:\/\/www.rerum.com.br\/index.php?rest_route=\/wp\/v2\/pages\/3025\/revisions\/3227"}],"wp:attachment":[{"href":"https:\/\/www.rerum.com.br\/index.php?rest_route=%2Fwp%2Fv2%2Fmedia&parent=3025"}],"curies":[{"name":"wp","href":"https:\/\/api.w.org\/{rel}","templated":true}]}}