{"id":3027,"date":"2015-08-06T18:34:43","date_gmt":"2015-08-06T18:34:43","guid":{"rendered":"http:\/\/www.rerum.com.br\/?page_id=3027"},"modified":"2015-08-11T18:57:12","modified_gmt":"2015-08-11T18:57:12","slug":"portfolio-2","status":"publish","type":"page","link":"https:\/\/www.rerum.com.br\/?page_id=3027&lang=es","title":{"rendered":"Historias de Suceso"},"content":{"rendered":"\n        <div class=\"page-element\" style=\"background: #ffffff\">\n            <div class=\"container\">\n                <\/p>\n<p><div style=\"width: 100%; clear: both; height: 30px\"><\/div><div style=\"width: 100%; clear: both; height: 30px\"><\/div><\/p>\n<h2 style=\"text-align: center;\">HISTORIAS DE SUCESO\u00a0Y\u00a0PRINCIPALES PROYECTOS<\/h2>\n<p>Como compa\u00f1\u00eda activa en el mercado de tecnolog\u00eda desde 1995, RERUM tiene una experiencia extensiva como fabrica de software , desarrollando sistemas de distribuci\u00f3n en 3 o mas niveles , alta performance de aplicaciones de transacciones , aplicaciones para Web , aplicaciones para sistemas m\u00f3vil , como tambi\u00e9n paginas Web para contenido empresarial.<\/p>\n<p>Despu\u00e9s de tantos a\u00f1os de experiencia , el equipo puede desarrollar en el sistema Windows ( todas sus versiones) , Linux , Pdas , y smarthphones. Adem\u00e1s , RERUM tiene profesionales que dominan muchos lenguajes y herramientas , especialmente: .NET,J2LL,J22ME,C,C#,C++,Visual Basic, Delph, ASP, PHP, HTML, Flash, Rogue Wave&#8217;s Stingray &amp; Source Pro Libraries como tambi\u00e9n Telerik, Devexpres, PhoneGap, Syncfusion, Struts,Hibernate,Spring, Faces, Ajax Frameworks, entre otros.<\/p>\n<p>Otros campos que estamos capacitados y con experiencia en el uso de herramientas empresariales son : Herramientas Vigente ECM y otras herramientas administrativas.<\/p>\n<p>Tenemos experiencia en aplicaciones en servicios de Web como: WebLogic, WebSphere, Apache,Jboss, y GlassFish. Nuestro equipo se especializa en aplicaciones para dise\u00f1o planeamiento y construcci\u00f3n de herramientas como Enterprise Architect\u00a0 de Sistemas Sparks.<\/p>\n<p>RERUM tambi\u00e9n tiene profesionales con experiencia en SQL Server, Oracle, Informix , MySQL, y sistemas de datos PostGress. Sin embargo, somos vers\u00e1tiles y asimilados en cualquier rama de tecnolog\u00eda.<\/p>\n<p>Finalmente , tenemos a nuestra disposici\u00f3n un calificado equipo de t\u00e9cnicos para trabajar en su empresa y asesorar en arquitecturas de TI y desarrollar y entrenar su equipo t\u00e9cnico.<\/p>\n<p>&nbsp;<\/p>\n<h4><em>Perfil de Clientes<\/em><\/h4>\n<p>Desde el principio de nuestras actividades siempre hemos operado con medianos y grandes clientes en diversos sectores como: Energ\u00eda, Finanzas, Telecomunicaciones, Energ\u00e9ticos, Cosm\u00e9ticos, Gobierno, Aseguranzas y ventas.<\/p>\n<p>Nuestra capacidad y competencia ha sido crucial para nuestro \u00e9xito en proyectos cr\u00edticos. El resultado de nuestra competencia puede ser confirmado por nuestros clientes , que han quedado satisfechos con la implementaci\u00f3n de aplicaciones de alta performance.<\/p>\n<p>Conducimos muchos entreinamentos en nuestros clientes y en nuestras compa\u00f1\u00edas asociadas enfocadas en el desarrollo de software atrav\u00e9s de actividades y entreinamento y conduciendo el desarrollo de proyectos conjuntos.<\/p>\n<p class=\"Standard\" style=\"text-align: justify;\"><span lang=\"PT-BR\">Adem\u00e1s de trabajar con nuestros clientes, ofrecemos asesorias en como operar y complementar el desarrollo de software TI.<\/span><\/p>\n<p class=\"Standard\" style=\"text-align: justify;\"><span lang=\"PT-BR\">Por la privacidad de nuestros clientes no podemos compartir el nombre del imagen de manera publica si esta informaci\u00f3n es esencial para su evaluaci\u00f3n podr\u00edamos proporcionar de manera privada despues de su autorizaci\u00f3n.<\/span><\/p>\n<p>\n        <div class=\"row\">\n            \n        <\/div>\n    <br \/>\n\n        <div class=\"page-element\" style=\"background: #fffff\">\n            <div class=\"container\">\n                \n            <\/div>\n        <\/div>\n    <\/p>\n<p>\n            <\/div>\n        <\/div>\n    \n<div style=\"width: 100%; clear: both; height: 25px\"><\/div>\n\n        <div class=\"page-element\" style=\"background: #f5f5f6\">\n            <div class=\"container\">\n                \n            <\/div>\n        <\/div>\n    \n<div style=\"width: 100%; clear: both; height: 30px\"><\/div>\n<h4><\/h4>\n<p>&nbsp;<\/p>\n","protected":false},"excerpt":{"rendered":"<p>&nbsp;<\/p>\n","protected":false},"author":1,"featured_media":0,"parent":0,"menu_order":0,"comment_status":"open","ping_status":"open","template":"template-empty-fullwidth.php","meta":[],"_links":{"self":[{"href":"https:\/\/www.rerum.com.br\/index.php?rest_route=\/wp\/v2\/pages\/3027"}],"collection":[{"href":"https:\/\/www.rerum.com.br\/index.php?rest_route=\/wp\/v2\/pages"}],"about":[{"href":"https:\/\/www.rerum.com.br\/index.php?rest_route=\/wp\/v2\/types\/page"}],"author":[{"embeddable":true,"href":"https:\/\/www.rerum.com.br\/index.php?rest_route=\/wp\/v2\/users\/1"}],"replies":[{"embeddable":true,"href":"https:\/\/www.rerum.com.br\/index.php?rest_route=%2Fwp%2Fv2%2Fcomments&post=3027"}],"version-history":[{"count":5,"href":"https:\/\/www.rerum.com.br\/index.php?rest_route=\/wp\/v2\/pages\/3027\/revisions"}],"predecessor-version":[{"id":3224,"href":"https:\/\/www.rerum.com.br\/index.php?rest_route=\/wp\/v2\/pages\/3027\/revisions\/3224"}],"wp:attachment":[{"href":"https:\/\/www.rerum.com.br\/index.php?rest_route=%2Fwp%2Fv2%2Fmedia&parent=3027"}],"curies":[{"name":"wp","href":"https:\/\/api.w.org\/{rel}","templated":true}]}}