{"id":3034,"date":"2013-10-13T11:27:24","date_gmt":"2013-10-13T11:27:24","guid":{"rendered":"http:\/\/www.rerum.com.br\/?page_id=3034"},"modified":"2016-01-21T12:07:33","modified_gmt":"2016-01-21T12:07:33","slug":"elements","status":"publish","type":"page","link":"https:\/\/www.rerum.com.br\/?page_id=3034&lang=es","title":{"rendered":"F\u00e1brica de Software"},"content":{"rendered":"\n        <div class=\"page-element\" style=\"background: #ffffff\">\n            <div class=\"container\">\n                <\/p>\n<p><div style=\"width: 100%; clear: both; height: 30px\"><\/div><div style=\"width: 100%; clear: both; height: 30px\"><\/div><\/p>\n<p>Aprenda como su softwares es construido<\/p>\n<p>Siempre mejorando las habilidades adquiridas atrav\u00e9s del tiempo en el mercado se ha especializado en los mejores modelos y cada vez hace su fabrica de software mas eficiente y competitiva.<\/p>\n<p>Equipado con un equipo de alta calidad, con resultados positivos aplicando metodologias de desarrollo de renombre y respetando lo que esta establecido por las reglas de TI, nuestra fabrica esta formada para servir compa\u00f1\u00edas nacionales y internacionales<\/p>\n<p>Adem\u00e1s el trabajo de nuestra fabrica de software esta completamente alineada con las expectativas de nuestros clientes y el resultado de nuestros proyectos. Queremos el \u00e9xito de sus proyectos y sus negocios que realizaran.<\/p>\n<p>\n        <div class=\"row\">\n            \n        <\/div>\n    <br \/>\n\n        <div class=\"page-element\" style=\"background: #fffff\">\n            <div class=\"container\">\n                \n            <\/div>\n        <\/div>\n    <\/p>\n<p>\n        <div class=\"message-box ok-message-box clearfix\">\n            <div class=\"message-icon-box\">\n                <i class=\"icon-ok\"><\/i>\n            <\/div>\n\n            <div class=\"message-container\">\n                <p><\/p>\n<p>Equipo comprometido y competitivo<\/p>\n<p>Hemos adquirido el equipo perfecto de profesionales con experiencia y nuevos talentos seleccionados cuidadosamente de los estudiantes mas prometedores de las mas prestigiosas universidades.<\/p>\n<p>Todos Nuestros profesionales son entrenados con una visi\u00f3n de reglas y dominio de las metodologias de desarollo, y el uso de las mejores practicas del lenguaje y herramientas de TI.<\/p>\n<p>Nuestros profesionales est\u00e1n comprometidos a sus proyectos , siempre atentos a la importancia de una eficiente performance para el \u00e9xito de sus clientes.<\/p>\n<p>RERUM tambi\u00e9n puede trabajar con el equipo profesional de su compa\u00f1\u00eda y apoyarlos componiendo, reorganizando, o hasta entrenando su equipo, as\u00ed preparandolos para operar dentro de las nuevas realidades y t\u00e9cnicas.<\/p>\n            <\/div>\n        <\/div>\n    <\/p>\n<p>\n        <div class=\"message-box ok-message-box clearfix\">\n            <div class=\"message-icon-box\">\n                <i class=\"icon-ok\"><\/i>\n            <\/div>\n\n            <div class=\"message-container\">\n                <p><\/p>\n<p>Metodolog\u00eda de Desarrollo<\/p>\n<p>El desarrollo guiado por   procesos metodol\u00f3gicos es fundamental para alcanzar metas exitosamente , Permitiendo una performance efectiva de nuestros gerentes de proyectos, la principal responsabilidad para asegurar la calidad y cumplir con horarios negociados con nuestros clientes.<\/p>\n<p>Rerum usa sus propios desarrollos metodologicos basados con el proceso unificado UML Notaci\u00f3n y PMBOK tambi\u00e9n incorpora practicas agiles (SCRUM) cubriendo todo el proceso, desde obtener los requisitos hasta la entrega de cada versi\u00f3n , pero tambi\u00e9n esta preparada para trabajar con las metodolog\u00edas creadas o ya adoptadas por nuestros clientes , con la misma disciplina y atenci\u00f3n a sus provisiones y estatutos.<\/p>\n<p>Y se todavia es necesario, RERUM ya esta listo para desarrollar metodolog\u00edas especificas para su compa\u00f1\u00eda, y tambi\u00e9n para satisfacer sus necesidades administrativas con la calidad en el desarollo de sistemas.<\/p>\n<p><\/p>\n            <\/div>\n        <\/div>\n    <\/p>\n<p>\n        <div class=\"message-box ok-message-box clearfix\">\n            <div class=\"message-icon-box\">\n                <i class=\"icon-ok\"><\/i>\n            <\/div>\n\n            <div class=\"message-container\">\n                <p><\/p>\n<p>Arquitecturas<\/p>\n<p>Alineacion de soluciones TI para los modelos de negocios y estrategias es parte de nuestra fabrica de software de RERUM, comprometido en el desarollo de sus soluciones.<\/p>\n<p>Promovemos apoyo y respeto en  la adaptaci\u00f3n de arquitecturas TI que gu\u00edan el desarrollo de soluciones durables, alineadas con el futuro de su negocio y tecnolog\u00edas en  su compa\u00f1ia.<\/p>\n<p>La fabrica de software de RERUM tiene RBTS transacci\u00f3n de servicios de negocios rerum , Un framework de negocios de transacci\u00f3n y componentes que pueden ser incorporados en la arquitectura de su compa\u00f1\u00eda y permitan significante reducci\u00f3n en el tiempo de desarrollo. Tambi\u00e9n contribuye para una maduraci\u00f3n del sistema final, gracias a esta maduraci\u00f3n de sus componentes reusables.<\/p>\n<p>La experiencia de nuestra fabrica en sistemas espec\u00edficos de distribuci\u00f3n y dise\u00f1o , aplicados a los conceptos extremos de reuso de los dos el c\u00f3digo y componentes y servicio, tambi\u00e9n permite apoyo a las estrategias para implementar SOA , servicio orientado a las arquitecturas, basadas en servicios de la Web o no.<\/p>\n<p>Si usted no ha creado sus arquitecturas, estamos listos para apoyarlo tambi\u00e9n, dise\u00f1ar arquitecturas TI que conduzcan el desarrollo de estrategias y la obtenci\u00f3n de software y hardware completamente alineado con el futuro y presente del negocio de su compa\u00f1\u00eda.<\/p>\n<p><\/p>\n            <\/div>\n        <\/div>\n    <\/p>\n<p>\n            <\/div>\n        <\/div>\n    \n<div style=\"width: 100%; clear: both; height: 25px\"><\/div>\n\n        <div class=\"page-element\" style=\"background: #f5f5f6\">\n            <div class=\"container\">\n                \n            <\/div>\n        <\/div>\n    \n<div style=\"width: 100%; clear: both; height: 30px\"><\/div>\n","protected":false},"excerpt":{"rendered":"","protected":false},"author":1,"featured_media":0,"parent":0,"menu_order":0,"comment_status":"open","ping_status":"open","template":"template-empty-default.php","meta":[],"_links":{"self":[{"href":"https:\/\/www.rerum.com.br\/index.php?rest_route=\/wp\/v2\/pages\/3034"}],"collection":[{"href":"https:\/\/www.rerum.com.br\/index.php?rest_route=\/wp\/v2\/pages"}],"about":[{"href":"https:\/\/www.rerum.com.br\/index.php?rest_route=\/wp\/v2\/types\/page"}],"author":[{"embeddable":true,"href":"https:\/\/www.rerum.com.br\/index.php?rest_route=\/wp\/v2\/users\/1"}],"replies":[{"embeddable":true,"href":"https:\/\/www.rerum.com.br\/index.php?rest_route=%2Fwp%2Fv2%2Fcomments&post=3034"}],"version-history":[{"count":8,"href":"https:\/\/www.rerum.com.br\/index.php?rest_route=\/wp\/v2\/pages\/3034\/revisions"}],"predecessor-version":[{"id":4053,"href":"https:\/\/www.rerum.com.br\/index.php?rest_route=\/wp\/v2\/pages\/3034\/revisions\/4053"}],"wp:attachment":[{"href":"https:\/\/www.rerum.com.br\/index.php?rest_route=%2Fwp%2Fv2%2Fmedia&parent=3034"}],"curies":[{"name":"wp","href":"https:\/\/api.w.org\/{rel}","templated":true}]}}