{"id":3037,"date":"2013-10-24T08:58:48","date_gmt":"2013-10-24T08:58:48","guid":{"rendered":"http:\/\/www.rerum.com.br\/?page_id=3037"},"modified":"2016-01-21T14:03:13","modified_gmt":"2016-01-21T14:03:13","slug":"home-corporate","status":"publish","type":"page","link":"https:\/\/www.rerum.com.br\/?page_id=3037&lang=es","title":{"rendered":"Home &#8211; Corporate"},"content":{"rendered":"<p>[rev_slider slider-diferenciais]<\/p>\n\n        <div class=\"page-element\" style=\"background: \">\n            <div class=\"container\">\n                <\/p>\n<p><div style=\"width: 100%; clear: both; height: 35px\"><\/div><\/p>\n<p>\n        <div class=\"service-boxes-wrapper clearfix\">\n        <div class=\"service-box-container\">\n            <div class=\"service-box clearfix\" style=\"background-color: #686868\">\n                <div class=\"service-box-front\">\n                    <i class=\"icon-trophy\"><\/i>\n\n                    <div class=\"service-title\">\n                        <p>Qualidade Assegurada<\/p>\n                    <\/div>\n\n                    <div class=\"service-content\">\n                        <p><\/p>\n<p style=\"text-align: justify;\">Para RERUM a qualidade de nossos produtos e servi\u00e7os \u00e9 uma obsess\u00e3o, comprovada pelas certifica\u00e7\u00f5es obtidas pela empresa e por nosso corpo profissional (MPS-BR, CMMi, Microsoft, Oracle e ISTQB).<br \/>\nTemos como pol\u00edtica a ado\u00e7\u00e3o de F\u00e1brica de Testes independente que qualifica os produtos de software desenvolvidos pela organiza\u00e7\u00e3o.<\/p>\n<p>&nbsp;<\/p>\n<p style=\"text-align: justify;\">\n<\/p>\n                    <\/div>\n                <\/div>\n\n                <div class=\"service-box-back\">\n                    <a href=\"\"><\/a>\n                <\/div>\n            <\/div>\n        <\/div>\n    \n        <div class=\"service-box-container\">\n            <div class=\"service-box clearfix\" style=\"background-color: #7a7a7a\">\n                <div class=\"service-box-front\">\n                    <i class=\"icon-calendar\"><\/i>\n\n                    <div class=\"service-title\">\n                        <p>Impulsione Resultados<\/p>\n                    <\/div>\n\n                    <div class=\"service-content\">\n                        <p><\/p>\n<p style=\"text-align: justify;\">Trabalhamos com muita efici\u00eancia na ger\u00eancia de projetos, al\u00e9m de possuirmos uma equipe profissional muito comprometida, com baixo turn-over. Somos capacitados a ajudar a sua empresa a atingir suas metas na implanta\u00e7\u00e3o de novos projetos. O sucesso dos projetos de nossos clientes e dos neg\u00f3cios que eles viabilizar\u00e3o \u00e9 o nosso sucesso.<\/p>\n<p>&nbsp;<\/p>\n<p style=\"text-align: justify;\">\n<\/p>\n                    <\/div>\n                <\/div>\n\n                <div class=\"service-box-back\">\n                    <a href=\"\"><\/a>\n                <\/div>\n            <\/div>\n        <\/div>\n    \n        <div class=\"service-box-container\">\n            <div class=\"service-box clearfix\" style=\"background-color: #919191\">\n                <div class=\"service-box-front\">\n                    <i class=\"icon-globe\"><\/i>\n\n                    <div class=\"service-title\">\n                        <p>Projetando o Futuro<\/p>\n                    <\/div>\n\n                    <div class=\"service-content\">\n                        <p><\/p>\n<p style=\"text-align: justify;\">Em todo projeto que participamos, buscamos nos guiar pela vis\u00e3o das Arquiteturas j\u00e1 estabelecidas ou especificadas por nossos profissionais, para que cada sistema esteja totalmente alinhado com o presente e futuro de seus neg\u00f3cios e com a plataforma tecnol\u00f3gica adotada em sua empresa. Projetamos solu\u00e7\u00f5es que visem \u00e0 completa integra\u00e7\u00e3o e evolu\u00e7\u00e3o dos Processos de Neg\u00f3cio.<\/p>\n<p>&nbsp;<\/p>\n<p style=\"text-align: justify;\"><\/p>\n                    <\/div>\n                <\/div>\n\n                <div class=\"service-box-back\">\n                    <a href=\"\"><\/a>\n                <\/div>\n            <\/div>\n        <\/div>\n    \n        <div class=\"service-box-container\">\n            <div class=\"service-box clearfix\" style=\"background-color: #aaaaaa\">\n                <div class=\"service-box-front\">\n                    <i class=\"icon-android\"><\/i>\n\n                    <div class=\"service-title\">\n                        <p>Evolu\u00e7\u00e3o Profissional<\/p>\n                    <\/div>\n\n                    <div class=\"service-content\">\n                        <p><\/p>\n<p style=\"text-align: justify;\">Focamos a efici\u00eancia profissional trabalhando sempre guiados por processos metodol\u00f3gicos que consagram as melhores pr\u00e1ticas no desenvolvimento de sistemas e que est\u00e3o em melhoria cont\u00ednua desde 1996. Al\u00e9m disso, fomentamos a constante evolu\u00e7\u00e3o e amplia\u00e7\u00e3o da compet\u00eancia de nossa equipe com novos conhecimentos e t\u00e9cnicas.<\/p>\n<p>&nbsp;<\/p>\n<p style=\"text-align: justify;\">\n<\/p>\n                    <\/div>\n                <\/div>\n\n                <div class=\"service-box-back\">\n                    <a href=\"\"><\/a>\n                <\/div>\n            <\/div>\n        <\/div>\n    <\/div>\n    <\/p>\n<p><div style=\"width: 100%; clear: both; height: 31px\"><\/div><\/p>\n<p>\n            <\/div>\n        <\/div>\n    \n\n        <div class=\"page-element\" style=\"background: #f5f5f6\">\n            <div class=\"container\">\n                <\/p>\n<p><div style=\"width: 100%; clear: both; height: 35px\"><\/div><\/p>\n<p>\n        <div class=\"row\">\n            \n        <div class=\"span4\">\n                <ul class=\"list custom-list unstyled\"><li><i class=\"icon-beaker\"><\/i><p> Framework de Neg\u00f3cios e Componentes <\/p><\/li><\/ul>\n            <\/p>\n<p style=\"text-align: justify;\">O Rerum Business Transaction Services (RBTS) possui um robusto n\u00facleo de componentes de neg\u00f3cio que permite a redu\u00e7\u00e3o de at\u00e9 80% no esfor\u00e7o na implementa\u00e7\u00e3o de solu\u00e7\u00f5es voltadas \u00e0: captura, autoriza\u00e7\u00e3o, processamento e billing de transa\u00e7\u00f5es comerciais e sua integra\u00e7\u00e3o com outros processos de neg\u00f3cio. Este n\u00facleo de componentes est\u00e1 em uso e amadurecido desde 2002 e suporta atualmente milh\u00f5es de transa\u00e7\u00f5es mensais para clientes de grande porte nas \u00e1reas de energia, telecom e financeira.<\/p>\n<p>&nbsp;<\/p>\n<p><\/div>\n    \n        <div class=\"span4\">\n                <ul class=\"list custom-list unstyled\"><li><i class=\"icon-tablet\"><\/i><p>Metodologia de Desenvolvimento<\/p><\/li><\/ul>\n            <\/p>\n<p style=\"text-align: justify;\">A RKS (Rerum Knowledge Suite) corresponde a um conjunto de metodologias em franco amadurecimento ao longo dos anos, fundamentadas no Processo Unificado e no PMBok, com uso da nota\u00e7\u00e3o UML. O RKS fomenta o reuso de componentes e o uso de Arquiteturas Distribu\u00eddas Orientadas a Objeto.<\/p>\n<p>&nbsp;<\/p>\n<p><\/div>\n    \n        <div class=\"span4\">\n                <ul class=\"list custom-list unstyled\"><li><i class=\"icon-trophy\"><\/i><p>Certifica\u00e7\u00e3o MPS.BR<\/p><\/li><\/ul>\n            <\/p>\n<p style=\"text-align: justify;\">Sempre na busca por estar atualizada e mantendo um n\u00edvel de excel\u00eancia em seus servi\u00e7os e produtos, a Rerum conquistou a certifica\u00e7\u00e3o MPS.BR (Melhoria de Processos de Software Brasileiro). Esta certifica\u00e7\u00e3o \u00e9 um modelo de qualidade de processos de software desenvolvido no Brasil e completamente voltado a realidade das empresas do nosso pa\u00eds. Desde a \u00faltima d\u00e9cada, como uma iniciativa do Minist\u00e9rio de Ci\u00eancia e Tecnologia (MCT), e da Associa\u00e7\u00e3o para a Promo\u00e7\u00e3o da Excel\u00eancia do Software Brasileiro (Softex), este passou a ser um modelo de refer\u00eancia similar ao CMM e sua certifica\u00e7\u00e3o exige n\u00edveis de servi\u00e7o elevados.<\/p>\n<p>&nbsp;<\/p>\n<p><\/div>\n    \n        <\/div>\n    <\/p>\n<p>\n        <div class=\"row\">\n            \n        <div class=\"span4\">\n                <ul class=\"list custom-list unstyled\"><li><i class=\"icon-calendar-empty\"><\/i><p>Treinamentos ministrados pela Rerum<\/p><\/li><\/ul>\n            <\/p>\n<p style=\"text-align: justify;\">A experi\u00eancia tecnol\u00f3gica de nossos profissionais pode ser transferida em programas de treinamento adaptados caso a caso, totalmente voltados para a obten\u00e7\u00e3o de resultados pr\u00e1ticos. Sempre baseado nos princ\u00edpios de qualidade do SEI\/CMM e do MPS-BR, o nosso pacote de treinamento engloba todo o ciclo de desenvolvimento de sistemas, desde a concep\u00e7\u00e3o l\u00f3gica, passando pelos aspectos gerenciais, para se chegar a um alto grau de satisfa\u00e7\u00e3o na implementa\u00e7\u00e3o dos projetos.<\/p>\n<p>&nbsp;<\/p>\n<p><\/div>\n    \n        <div class=\"span4\">\n                <ul class=\"list custom-list unstyled\"><li><i class=\"icon-heart-empty\"><\/i><p>Compromisso com nossos clientes e parceiros<\/p><\/li><\/ul>\n            <\/p>\n<p style=\"text-align: justify;\">Se a sua empresa busca uma parceira para o desenvolvimento de seus projetos, automaticamente quer contar com excel\u00eancia tecnol\u00f3gica, t\u00e9cnica apurada e uma equipe altamente capacitada. \u00c9 por possuir as caracter\u00edsticas citadas que a RERUM se julga parceira ideal para neg\u00f3cios de miss\u00e3o cr\u00edtica e raz\u00e3o de possuir uma carteira fiel de clientes que fazem uso ininterrupto dos nossos Servi\u00e7os de: F\u00e1brica de Software, Sustenta\u00e7\u00e3o de Sistemas e Consultoria. Estabelecemos na confian\u00e7a e nos resultados comprovados o nosso alicerce e nos colocamos \u00e0 disposi\u00e7\u00e3o para desenvolvermos as solu\u00e7\u00f5es que ir\u00e3o promover a inova\u00e7\u00e3o necess\u00e1ria aos seus processos de neg\u00f3cio.<\/p>\n<p>&nbsp;<\/p>\n<p style=\"text-align: justify;\"><\/div>\n    \n        <div class=\"span4\">\n                <ul class=\"list custom-list unstyled\"><li><i class=\"icon-globe\"><\/i><p>Atua\u00e7\u00e3o em todo o territ\u00f3rio nacional<\/p><\/li><\/ul>\n            <\/p>\n<p style=\"text-align: justify;\">Atuando desde 1995 com clientes de variados portes e segmentos da economia, a Rerum foca o uso da Tecnologia de Objetos Distribu\u00eddos e Integra\u00e7\u00e3o de Sistemas. Com base nas capitais de S\u00e3o Paulo e Rio de Janeiro, a empresa possui filiais nas cidades mineiras de Barbacena e Juiz de Fora. Al\u00e9m disso, realizamos projetos em praticamente todos os estados brasileiros, destacando-se pela presen\u00e7a em: Belo Horizonte-MG, Piracicaba-SP, Campinas-SP, Recife-PE, Fortaleza-CE, Goi\u00e2nia-GO, Bras\u00edlia-DF, Porto Alegre-RS e Vit\u00f3ria-ES.<\/p>\n<p>&nbsp;<\/p>\n<p style=\"text-align: justify;\"><\/div>\n    \n        <\/div>\n    <\/p>\n<p><div style=\"width: 100%; clear: both; height: 15px\"><\/div><\/p>\n<p>\n            <\/div>\n        <\/div>\n    \n<div style=\"width: 100%; clear: both; height: 5px\"><\/div>\n\n        <div class=\"page-element\" style=\"background: #f5f5f6\">\n            <div class=\"container\">\n                <\/p>\n<p><div style=\"width: 100%; clear: both; height: 25px\"><\/div><\/p>\n<h3 style=\"text-align: center;\">PARCERIAS<\/h3>\n<p style=\"text-align: justify;\">Por meio de sua experi\u00eancia, comprometimento e credibilidade dentro do mercado tecnol\u00f3gico, a Rerum desde o in\u00edcio de suas atividades, sempre buscou parcerias de confian\u00e7a que possam agregar valor aos servi\u00e7os prestados.<\/p>\n<p style=\"text-align: left;\"><div style=\"width: 100%; clear: both; height: 15px\"><\/div><\/p>\n<p style=\"text-align: center;\">\n        <div class=\"carousel-with-description\">\n            <div class=\"row\">\n                <div class=\"carousel-description span3\">\n                    <h4>Parceiros Oficiais<\/h4>\n                    <br\/>\n                    <p>A Rerum j\u00e1 se utilizou de diversos recursos tecnol\u00f3gicos, por\u00e9m temos como pol\u00edtica apenas recomendar e aceitar parcerias com empresas que cujos produtos s\u00e3o de fato usados e atestados por n\u00f3s, entre elas destacamos:<\/p>\n\n                    <!--<a href=\"#\">View All >> <\/a>-->\n\n                    <div class=\"carousel-navigation\">\n                        <div class=\"stylish-button prev\">\n                            <a class=\"\" href=\"#\"><i class=\"icon-angle-left\"><\/i><\/a>\n                        <\/div>\n\n                        <div class=\"stylish-button next\">\n                            <a class=\"\" href=\"#\"><i class=\"icon-angle-right\"><\/i><\/a>\n                        <\/div>\n                    <\/div>\n                <\/div>\n\n                <div class=\"carousel-images-wrapper\">\n                    <div class=\"row\">\n                        <div class=\"carousel-images\">\n\n                            \n\n        <div class=\"span3\">\n            <div class=\"thumbnail\">\n                <img src=\"http:\/\/www.rerum.com.br\/rerum\/wp-content\/uploads\/2015\/02\/atlassian-270x230.png\" alt=\"post image\" \/>\n\n                <div class=\"thumbnail-hover\">\n                    <a href=\"http:\/\/www.rerum.com.br\/rerum\/wp-content\/uploads\/2015\/02\/atlassian.png\"><\/a>\n                <\/div>\n            <\/div>\n        <\/div>\n\n        <div class=\"span3\">\n            <div class=\"thumbnail\">\n                <img src=\"http:\/\/www.rerum.com.br\/rerum\/wp-content\/uploads\/2015\/02\/LSparx-270x230.png\" alt=\"post image\" \/>\n\n                <div class=\"thumbnail-hover\">\n                    <a href=\"http:\/\/www.rerum.com.br\/rerum\/wp-content\/uploads\/2015\/02\/LSparx.png\"><\/a>\n                <\/div>\n            <\/div>\n        <\/div>\n\n        <div class=\"span3\">\n            <div class=\"thumbnail\">\n                <img src=\"http:\/\/www.rerum.com.br\/rerum\/wp-content\/uploads\/2015\/02\/MSoft-270x230.png\" alt=\"post image\" \/>\n\n                <div class=\"thumbnail-hover\">\n                    <a href=\"http:\/\/www.rerum.com.br\/rerum\/wp-content\/uploads\/2015\/02\/MSoft.png\"><\/a>\n                <\/div>\n            <\/div>\n        <\/div>\n\n                        <\/div>\n                    <\/div>\n                <\/div>\n            <\/div>\n        <\/div><\/p>\n<p><div style=\"width: 100%; clear: both; height: 35px\"><\/div><\/p>\n<p>\n            <\/div>\n        <\/div>\n    \n\n        <div class=\"page-element\" style=\"background: #ffffff\">\n            <div class=\"container\">\n                <\/p>\n<p><div style=\"width: 100%; clear: both; height: 20px\"><\/div><\/p>\n<p><div style=\"width: 100%; clear: both; height: 20px\"><\/div><br \/>\n\n            <\/div>\n        <\/div>\n    \n","protected":false},"excerpt":{"rendered":"<p>[rev_slider slider-diferenciais]<\/p>\n","protected":false},"author":1,"featured_media":0,"parent":3036,"menu_order":0,"comment_status":"open","ping_status":"closed","template":"template-home.php","meta":[],"_links":{"self":[{"href":"https:\/\/www.rerum.com.br\/index.php?rest_route=\/wp\/v2\/pages\/3037"}],"collection":[{"href":"https:\/\/www.rerum.com.br\/index.php?rest_route=\/wp\/v2\/pages"}],"about":[{"href":"https:\/\/www.rerum.com.br\/index.php?rest_route=\/wp\/v2\/types\/page"}],"author":[{"embeddable":true,"href":"https:\/\/www.rerum.com.br\/index.php?rest_route=\/wp\/v2\/users\/1"}],"replies":[{"embeddable":true,"href":"https:\/\/www.rerum.com.br\/index.php?rest_route=%2Fwp%2Fv2%2Fcomments&post=3037"}],"version-history":[{"count":14,"href":"https:\/\/www.rerum.com.br\/index.php?rest_route=\/wp\/v2\/pages\/3037\/revisions"}],"predecessor-version":[{"id":4106,"href":"https:\/\/www.rerum.com.br\/index.php?rest_route=\/wp\/v2\/pages\/3037\/revisions\/4106"}],"up":[{"embeddable":true,"href":"https:\/\/www.rerum.com.br\/index.php?rest_route=\/wp\/v2\/pages\/3036"}],"wp:attachment":[{"href":"https:\/\/www.rerum.com.br\/index.php?rest_route=%2Fwp%2Fv2%2Fmedia&parent=3037"}],"curies":[{"name":"wp","href":"https:\/\/api.w.org\/{rel}","templated":true}]}}