{"id":3253,"date":"2015-08-14T00:15:55","date_gmt":"2015-08-14T00:15:55","guid":{"rendered":"http:\/\/www.rerum.com.br\/?page_id=3253"},"modified":"2016-01-21T13:52:47","modified_gmt":"2016-01-21T13:52:47","slug":"quienes-somos","status":"publish","type":"page","link":"https:\/\/www.rerum.com.br\/?page_id=3253&lang=es","title":{"rendered":"Quienes Somos"},"content":{"rendered":"\n        <div class=\"page-element\" style=\"background: #ffffff\">\n            <div class=\"container\">\n                <\/p>\n<p><div style=\"width: 100%; clear: both; height: 30px\"><\/div><\/p>\n<h3 style=\"text-align: center;\">Historia<\/h3>\n<p class=\"Standard\" style=\"text-align: justify;\"><span lang=\"PT-BR\">RERUM ha sido una compa\u00f1\u00eda en el mercado de tecnolog\u00eda desde abril de 1995 con una misi\u00f3n de cambiar tecnolog\u00edas emergentes en ventajas competitivas para sus clientes.<\/span><\/p>\n<p class=\"Standard\" style=\"text-align: justify;\"><span lang=\"PT-BR\">Localizada desarrollo Sao Paulo con sucursales en R\u00edo de janeiro , Juiz de Fora y Barbacena (Minas Gerais) la compa\u00f1\u00eda tiene equipo de desarrollo en cuatro lugares.<\/span><\/p>\n<p class=\"Standard\" style=\"text-align: justify;\"><span lang=\"PT-BR\">Tambi\u00e9n trabaja en persona con mucho de nuestros clientes.<\/span><\/p>\n<p class=\"Standard\" style=\"text-align: justify;\"><span lang=\"PT-BR\">Noventa por centro de nuestro equipo esta compuesto de t\u00e9cnicos en las especialidades de Ingenieros desarrollo Software, Arquitectos, Analistas y programadores directamente envueltos en sistemas de desarollo.Su experiencia con mas de un mill\u00f3n de horas en desarrollo es un gran aliado para seleccionar la mejor estrategia para materializar tecnolog\u00edas alternativas en ganancias.<\/span><\/p>\n<p class=\"Standard\" style=\"text-align: justify;\"><span lang=\"PT-BR\">Nuestra clientela es formada de compa\u00f1\u00edas privadas y publicas , de medio y largo tama\u00f1o , e incluye una gran experiencia en diversos sectores empresariales. La b\u00fasqueda de nuevas tecnolog\u00edas ha hecho de RERUM una de las principales compa\u00f1\u00edas Brasile\u00f1as en usar industrializaci\u00f3n de componentes ( Fabrica de Software y proyectos) certificaci\u00f3n de desarrollo y procesamiento de software ISO\/SEI\/CMM, Como tambi\u00e9n provee tecnolog\u00eda objetiva con \u00e9nfasis en el reuso y administraci\u00f3n de componentes desarrollo arquitecturas distribuidas y la Web corporativa .<\/span><\/p>\n<p class=\"Standard\" style=\"text-align: justify;\"><span lang=\"PT-BR\">El conocimiento del \u00e1rea como la capacidad y competencia , siempre ha sido decisiva para asegurar el \u00e9xito en altos proyectos cr\u00edticos y contratos con grandes companias.<\/span><\/p>\n<p class=\"Standard\" style=\"text-align: justify;\"><span lang=\"PT-BR\">RERUM es el Accionista mayoritario de BMA Brasil Servicios y gesti\u00f3n para negocios Ltda. , una compa\u00f1\u00eda establecida en 2003 para ofrecer servicios de administraci\u00f3n remota atrav\u00e9s de software en la forma comercial ASP proveedor de servicios aplicados.<\/span><\/p>\n<p class=\"Standard\" style=\"text-align: justify;\"><span lang=\"PT-BR\">BMA es la compa\u00f1\u00eda del grupo que representa RERUM y sus productos y su producto principal SobControle Suite compuesta de sistemas: SobControle Business Automaci\u00f3n, una soluci\u00f3n para manejar tiendas individuales o en red , SobControl Farm es una soluci\u00f3n para manejar fincas o granjas desde la Web y aplicaciones m\u00f3viles. SobControle Eletronic Time Card System , una soluci\u00f3n m\u00f3vil para manejar el sistema de las horas de trabajo de nuestros clientes , SobControl Field Services es una soluci\u00f3n m\u00f3vil que maneja la actividad de los equipos en el campo.<\/span><\/p>\n<p class=\"Standard\" style=\"text-align: justify;\"><span lang=\"PT-BR\">Somos socios, distribuidores y representantes de compa\u00f1\u00edas internacionales como Sparxs systems , Rogue Wave , y Atlassian, y somos abiertos constantemente para asociarnos en compa\u00f1\u00edas y nuevas oportunidades de negocios que sean alineadas en nuestro perfil.<\/span><\/p>\n<p>&nbsp;<\/p>\n<p>&nbsp;<\/p>\n<p>\n            <\/div>\n        <\/div>\n    \n\n        <div class=\"page-element\" style=\"background: #f5f5f6\">\n            <div class=\"container\">\n                \n            <\/div>\n        <\/div>\n    \n","protected":false},"excerpt":{"rendered":"","protected":false},"author":10,"featured_media":0,"parent":0,"menu_order":0,"comment_status":"open","ping_status":"open","template":"template-empty-fullwidth.php","meta":[],"_links":{"self":[{"href":"https:\/\/www.rerum.com.br\/index.php?rest_route=\/wp\/v2\/pages\/3253"}],"collection":[{"href":"https:\/\/www.rerum.com.br\/index.php?rest_route=\/wp\/v2\/pages"}],"about":[{"href":"https:\/\/www.rerum.com.br\/index.php?rest_route=\/wp\/v2\/types\/page"}],"author":[{"embeddable":true,"href":"https:\/\/www.rerum.com.br\/index.php?rest_route=\/wp\/v2\/users\/10"}],"replies":[{"embeddable":true,"href":"https:\/\/www.rerum.com.br\/index.php?rest_route=%2Fwp%2Fv2%2Fcomments&post=3253"}],"version-history":[{"count":2,"href":"https:\/\/www.rerum.com.br\/index.php?rest_route=\/wp\/v2\/pages\/3253\/revisions"}],"predecessor-version":[{"id":3258,"href":"https:\/\/www.rerum.com.br\/index.php?rest_route=\/wp\/v2\/pages\/3253\/revisions\/3258"}],"wp:attachment":[{"href":"https:\/\/www.rerum.com.br\/index.php?rest_route=%2Fwp%2Fv2%2Fmedia&parent=3253"}],"curies":[{"name":"wp","href":"https:\/\/api.w.org\/{rel}","templated":true}]}}