{"id":4084,"date":"2016-01-21T13:36:13","date_gmt":"2016-01-21T13:36:13","guid":{"rendered":"http:\/\/www.rerum.com.br\/?page_id=4084"},"modified":"2016-01-21T13:41:04","modified_gmt":"2016-01-21T13:41:04","slug":"servicios","status":"publish","type":"page","link":"https:\/\/www.rerum.com.br\/?page_id=4084&lang=es","title":{"rendered":"Servicios"},"content":{"rendered":"<p>\n        <div class=\"page-element\" style=\"background: #ffffff\">\n            <div class=\"container\">\n                <br \/>\n<div style=\"width: 100%; clear: both; height: 15px\"><\/div><div style=\"width: 100%; clear: both; height: 15px\"><\/div><\/p>\n<h3 style=\"text-align: center;\">CONOZCAN NUESTROS SERVICIOS<\/h3>\n<p>Toda nuestra experiencia tambi\u00e9n est\u00e1 disponible en\u00a0servicios de asesoria para su compa\u00f1\u00eda, implementaci\u00f3n\u00a0 y especificaci\u00f3n\u00a0 de arquitectura, metodolog\u00eda de desarrollo o transferencia de conocimiento son algunos de nuestros servicios que RERUM ofrece y su compa\u00f1\u00eda puede contratar. Presione en cada uno de los servicios presentados para aprender mas sobre como trabajamos con ellos dentro su compa\u00f1\u00eda.<\/p>\n\n        <div class=\"row\">\n            \n        <\/div>\n    <br \/>\n\n        <div class=\"page-element\" style=\"background: #fffff\">\n            <div class=\"container\">\n                \n            <\/div>\n        <\/div>\n    <br \/>\n\n            <\/div>\n        <\/div>\n    <br \/>\n<div style=\"width: 100%; clear: both; height: 15px\"><\/div><br \/>\n\n        <div class=\"page-element\" style=\"background: #f5f5f6\">\n            <div class=\"container\">\n                <br \/>\n<div style=\"width: 100%; clear: both; height: 15px\"><\/div><\/p>\n<h4><\/h4>\n<p>&nbsp;<\/p>\n<p><div style=\"width: 100%; clear: both; height: 15px\"><\/div><\/p>\n<p>\n        <div class=\"page-element\" style=\"background: #F5F5F6\">\n            <div class=\"container\">\n                \n            <\/div>\n        <\/div>\n    <\/p>\n<p>\n        <div class=\"row\">\n            \n        <div class=\"span6\"><\/p>\n<p><a href=\"http:\/\/www.rerum.com.br\/rerum\/?page_id=3045&amp;lang=es\">\n                <ul class=\"list custom-list unstyled\"><li><i class=\"icon-laptop\"><\/i><p>\u00a0Asesoria de arquitectura TI<\/p><\/li><\/ul>\n            <\/a><\/p>\n<p>El equipo de RERUM maneja y apoya las arquitecturas TI, Adem\u00e1s de buscar soluciones, planeamiento, desarrollo, instrucciones y entrega estas soluciones en TI, pueden ser un gran aliado para los resultados asesoria su compa\u00f1\u00eda.<\/p>\n<p><a href=\"http:\/\/www.rerum.com.br\/rerum\/?page_id=3041&amp;lang=es\">\n                <ul class=\"list custom-list unstyled\"><li><i class=\"icon-tablet\"><\/i><p>Outsourcing y capacitaci\u00f3n de equipos<\/p><\/li><\/ul>\n            <\/a><\/p>\n<p>La distribucci\u00f3n de profesionales entrenados es solo uno de nuestros componentes de nuestra compa\u00f1\u00eda. Sin embargo, nuestro enfoque no es solamente en dar Outsourced , sino que continuamente\u00a0 o ocasionalmente , ayudar con las necesidades de especializaci\u00f3n tecnol\u00f3gica de nuestros clientes.<\/p>\n<p><\/div>\n    \n        <div class=\"span6\"><\/p>\n<p><a href=\"http:\/\/www.rerum.com.br\/rerum\/?page_id=3042&amp;lang=es\">\n                <ul class=\"list custom-list unstyled\"><li><i class=\"icon-calendar\"><\/i><p>Asesoria en metodolog\u00edas de desarrollo<\/p><\/li><\/ul>\n            <\/a><\/p>\n<p>Siempre en la b\u00fasqueda por la excelencia en los servicios ejecutados, Rerum tiene\u00a0profesionales calificados para apoyar el proceso de implementaci\u00f3n de metodolog\u00edas y arquitecturas de TI, aparte de ofrecer su proprio proceso de desarrollo.<\/p>\n<p><a href=\"http:\/\/www.rerum.com.br\/rerum\/?page_id=3044&amp;lang=es\">\n                <ul class=\"list custom-list unstyled\"><li><i class=\"icon-calendar-empty\"><\/i><p>Soporte de sistemas<\/p><\/li><\/ul>\n            <\/a><\/p>\n<p>Nuestra experiencia con sistemas de informacion nos califica para atender los clientes que necesitan ayuda en la evolucion y correccion de errores en las aplicaciones &#8211; del mercado o creado por rerum &#8211; antes mismo contratados.<\/p>\n<p><\/div>\n    \n        <\/div>\n    \n<div style=\"width: 100%; clear: both; height: 15px\"><\/div>\n<p>\n            <\/div>\n        <\/div>\n    <\/p>\n\n        <div class=\"page-element\" style=\"background: #ffffff\">\n            <div class=\"container\">\n                <\/p>\n<p style=\"text-align: center;\"><div style=\"width: 100%; clear: both; height: 15px\"><\/div><br \/>\n\n        <div class=\"skill-bars-wrapper\">\n            \n        <div class=\"skill-bar\">\n            <div class=\"skill-bar-header\">\n                <h5> Rerum Ingenier\u00eda de Sistemas\u00a0&#8211; Transformando la tecnolog\u00eda en \u00e9xito empresarial<\/h5>\n            <\/div>\n            <div class=\"skill-bar-fill\" data-width=\"100\"><\/div>\n        <\/div>\n    \n        <\/div>\n    <\/p>\n<p><div style=\"width: 100%; clear: both; height: 15px\"><\/div><\/p>\n<p>\n            <\/div>\n        <\/div>\n    \n","protected":false},"excerpt":{"rendered":"","protected":false},"author":12,"featured_media":0,"parent":0,"menu_order":0,"comment_status":"closed","ping_status":"closed","template":"template-empty-fullwidth.php","meta":[],"_links":{"self":[{"href":"https:\/\/www.rerum.com.br\/index.php?rest_route=\/wp\/v2\/pages\/4084"}],"collection":[{"href":"https:\/\/www.rerum.com.br\/index.php?rest_route=\/wp\/v2\/pages"}],"about":[{"href":"https:\/\/www.rerum.com.br\/index.php?rest_route=\/wp\/v2\/types\/page"}],"author":[{"embeddable":true,"href":"https:\/\/www.rerum.com.br\/index.php?rest_route=\/wp\/v2\/users\/12"}],"replies":[{"embeddable":true,"href":"https:\/\/www.rerum.com.br\/index.php?rest_route=%2Fwp%2Fv2%2Fcomments&post=4084"}],"version-history":[{"count":4,"href":"https:\/\/www.rerum.com.br\/index.php?rest_route=\/wp\/v2\/pages\/4084\/revisions"}],"predecessor-version":[{"id":4090,"href":"https:\/\/www.rerum.com.br\/index.php?rest_route=\/wp\/v2\/pages\/4084\/revisions\/4090"}],"wp:attachment":[{"href":"https:\/\/www.rerum.com.br\/index.php?rest_route=%2Fwp%2Fv2%2Fmedia&parent=4084"}],"curies":[{"name":"wp","href":"https:\/\/api.w.org\/{rel}","templated":true}]}}