{"id":4095,"date":"2016-01-21T13:50:22","date_gmt":"2016-01-21T13:50:22","guid":{"rendered":"http:\/\/www.rerum.com.br\/?page_id=4095"},"modified":"2016-01-21T13:50:22","modified_gmt":"2016-01-21T13:50:22","slug":"productos","status":"publish","type":"page","link":"https:\/\/www.rerum.com.br\/?page_id=4095&lang=es","title":{"rendered":"Productos"},"content":{"rendered":"\n        <div class=\"page-element\" style=\"background: #ffffff\">\n            <div class=\"container\">\n                <\/p>\n<p><div style=\"width: 100%; clear: both; height: 30px\"><\/div><div style=\"width: 100%; clear: both; height: 30px\"><\/div><\/p>\n<h2 style=\"text-align: center;\"><strong>HERRAMIENTAS DE DESARROLLO<\/strong><\/h2>\n<p>El sistema de proceso de desarrollo ser\u00e1 ciertamente mucho\u00a0 efectivo con apoyo y el uso de herramientas apropiadas que podr\u00edan mejorar la capacidad de sus profesionales y la productividad y calidad del c\u00f3digo generado.<\/p>\n<p>RERUM sabe que y por lo mismo usa , recomienda y vende en Brasil algunas de las mejores herramientas en el mundo mercantil para que su compa\u00f1\u00eda tome ventaja de los mismos beneficios de la fabrica de software.<\/p>\n<h4 style=\"text-align: left;\">SISTEMAS SPARX<\/h4>\n<p>RERUM es un distribuidor oficial de herramientas de Enterprise Architect in Brasil , El producto principal del sistema Sparxs , SPARX es una compa\u00f1\u00eda australiana especializada en el desarrollo de herramientas de software de alto rendimiento , alta productividad, y escalabilidad para dise\u00f1ar , planeamiento y construcci\u00f3n de aplicaciones. Cubriendo todo el completo ciclo de desarrollo de sistemas, Enterprise Architect es hoy la mejor soluci\u00f3n en el mercado para incrementar la productividad de su equipo en desarrollo.<\/p>\n<h4 style=\"text-align: left;\">ROGUE WAVE<\/h4>\n<p>Representamos en brasil, las bibliotecas de componentes reusables de software y servicios de ROGUE WAVE SOFTWARE una divisi\u00f3n de Quovadx Inc. (American).<\/p>\n<p>SOA Frameworks , componentes para el desarrollo de interfaces visuales para las aplicaciones de clientes, componentes para apresurar el desarrollo y distribuci\u00f3n de aplicaciones en plataformas m\u00faltiples, y una gran variedad de C++ para incrementar la productivad de desarrollo profesionales.<\/p>\n<h4 style=\"text-align: left;\">JIRA &#8211; ATLASSIAN<\/h4>\n<p>Somos socios expertos y los representantes brasile\u00f1os de Atlassian una compa\u00f1\u00eda australiana fundada en 2002 , los que manufacturan la herramienta JIRA, que maneja equipos en desarrollo, responsable para planear y controlar todos los proyectos y actividades en un ambiente colaborativo. Con JIRA es manejable el completo seguimiento, especialmente al software en desarrollo , mantenimiento y equipos de apoyo, desarrollo materiales para registrar servicios , listas de pendientes , mantenimiento a las hojas de trabajo de los profesionales trabajando en sistemas de construcci\u00f3n y mantenimiento.<\/p>\n<h4 style=\"text-align: left;\">RERUM INGENIER\u00cdA\u00a0DE SISTEMAS<\/h4>\n<p>Una de nuestras diferencias como fabrica de software es nuestra productividad , reflejada en la generaci\u00f3n de grandes y complejas aplicaciones en tiempo \u00e1gil.<\/p>\n<p>O RBTS \u2013 Servicios de negocios de transacci\u00f3n de RERUM, es uno de las claves para nuestra productividad.<\/p>\n<p>RBTS es un servicio y un framework desarrollado por RERUM que , entre otras capacidades, tiene un centro robusto para implementaci\u00f3n , un ambiente que controla los servicios de contratos para formalizar las reglas de proceso, autorizaci\u00f3n , registros\u00a0 transacciones\u00a0\u00a0 de sueldos , una cuenta vers\u00e1til de transacciones y operaciones y registraci\u00f3n de todos los componentes (individuos y compa\u00f1\u00edas) por lo tanto mejor flexibilidad en el desarrollo al complementar la mayor parte de su funcionalidad y modelos de datos.<\/p>\n<p>En su versi\u00f3n JAVA , C++, y .NET RERUM promueve RBTS como infraestructura en sus contratos de desarrollo.<\/p>\n<p>\n        <div class=\"row\">\n            \n        <\/div>\n    <br \/>\n\n        <div class=\"page-element\" style=\"background: #fffff\">\n            <div class=\"container\">\n                \n            <\/div>\n        <\/div>\n    <\/p>\n<p>\n            <\/div>\n        <\/div>\n    \n<div style=\"width: 100%; clear: both; height: 25px\"><\/div>\n\n        <div class=\"page-element\" style=\"background: #f5f5f6\">\n            <div class=\"container\">\n                \n            <\/div>\n        <\/div>\n    \n<div style=\"width: 100%; clear: both; height: 30px\"><\/div>\n<h4><\/h4>\n<p>&nbsp;<\/p>\n","protected":false},"excerpt":{"rendered":"<p>&nbsp;<\/p>\n","protected":false},"author":12,"featured_media":0,"parent":0,"menu_order":0,"comment_status":"closed","ping_status":"closed","template":"template-empty-fullwidth.php","meta":[],"_links":{"self":[{"href":"https:\/\/www.rerum.com.br\/index.php?rest_route=\/wp\/v2\/pages\/4095"}],"collection":[{"href":"https:\/\/www.rerum.com.br\/index.php?rest_route=\/wp\/v2\/pages"}],"about":[{"href":"https:\/\/www.rerum.com.br\/index.php?rest_route=\/wp\/v2\/types\/page"}],"author":[{"embeddable":true,"href":"https:\/\/www.rerum.com.br\/index.php?rest_route=\/wp\/v2\/users\/12"}],"replies":[{"embeddable":true,"href":"https:\/\/www.rerum.com.br\/index.php?rest_route=%2Fwp%2Fv2%2Fcomments&post=4095"}],"version-history":[{"count":1,"href":"https:\/\/www.rerum.com.br\/index.php?rest_route=\/wp\/v2\/pages\/4095\/revisions"}],"predecessor-version":[{"id":4096,"href":"https:\/\/www.rerum.com.br\/index.php?rest_route=\/wp\/v2\/pages\/4095\/revisions\/4096"}],"wp:attachment":[{"href":"https:\/\/www.rerum.com.br\/index.php?rest_route=%2Fwp%2Fv2%2Fmedia&parent=4095"}],"curies":[{"name":"wp","href":"https:\/\/api.w.org\/{rel}","templated":true}]}}