{"id":4107,"date":"2016-01-21T14:13:01","date_gmt":"2016-01-21T14:13:01","guid":{"rendered":"http:\/\/www.rerum.com.br\/?page_id=4107"},"modified":"2016-01-21T14:13:01","modified_gmt":"2016-01-21T14:13:01","slug":"principal-es","status":"publish","type":"page","link":"https:\/\/www.rerum.com.br\/?page_id=4107&lang=es","title":{"rendered":"Principal &#8211; es"},"content":{"rendered":"<p>[rev_slider main-slider]<\/p>\n\n        <div class=\"page-element\" style=\"background: \">\n            <div class=\"container\">\n                <\/p>\n<p><div style=\"width: 100%; clear: both; height: 35px\"><\/div><\/p>\n<p>\n        <div class=\"service-boxes-wrapper clearfix\">\n        <div class=\"service-box-container\">\n            <div class=\"service-box clearfix\" style=\"background-color: #686868\">\n                <div class=\"service-box-front\">\n                    <i class=\"icon-trophy\"><\/i>\n\n                    <div class=\"service-title\">\n                        <p>Calidad Asegurada<\/p>\n                    <\/div>\n\n                    <div class=\"service-content\">\n                        <p><\/p>\n<p style=\"text-align: justify;\">Para Rerum la calidad de los productos y servicios es una obsesi\u00f3n , la evidencia de nuestros productos y calidad esta certificada por las compa\u00f1\u00edas (MPS-BR, CMMi, Microsoft, Oracle y ISTQB).<br \/>\nEs parte de nuestra pol\u00edtica adaptar ex\u00e1menes independientes que califican nuestros productos desarrollados de software.\n<\/p>\n<p>&nbsp;<\/p>\n<p style=\"text-align: justify;\"><\/p>\n                    <\/div>\n                <\/div>\n\n                <div class=\"service-box-back\">\n                    <a href=\"\"><\/a>\n                <\/div>\n            <\/div>\n        <\/div>\n    \n        <div class=\"service-box-container\">\n            <div class=\"service-box clearfix\" style=\"background-color: #7a7a7a\">\n                <div class=\"service-box-front\">\n                    <i class=\"icon-calendar\"><\/i>\n\n                    <div class=\"service-title\">\n                        <p>Mejoramiento de Resultados<\/p>\n                    <\/div>\n\n                    <div class=\"service-content\">\n                        <p><\/p>\n<p style=\"text-align: justify;\">Trabajamos eficientemente en proyectos Management y poseemos un cuerpo de trabajo comprometido y profesional, con muy buenos resultados. Nosotros podemos ayudar su compa\u00f1\u00eda a alcanzar sus metas, implementando nuevos proyectos. El \u00e9xito de sus proyectos es nuestro \u00e9xito.<\/p>\n<p>&nbsp;<\/p>\n<p style=\"text-align: justify;\"><\/p>\n                    <\/div>\n                <\/div>\n\n                <div class=\"service-box-back\">\n                    <a href=\"\"><\/a>\n                <\/div>\n            <\/div>\n        <\/div>\n    \n        <div class=\"service-box-container\">\n            <div class=\"service-box clearfix\" style=\"background-color: #919191\">\n                <div class=\"service-box-front\">\n                    <i class=\"icon-globe\"><\/i>\n\n                    <div class=\"service-title\">\n                        <p>Dise\u00f1ando el Fututo<\/p>\n                    <\/div>\n\n                    <div class=\"service-content\">\n                        <p><\/p>\n<p style=\"text-align: justify;\">En cada proyecto que participamos, buscamos ser guiados por una visi\u00f3n ya establecida y especificada por nuestros profesionales, para que cada sistema sea completamente alineado con el presente y con el futuro de su negocio y de las plataformas tecnol\u00f3gicas adoptadas en su compania. Nosotros dise\u00f1amos soluciones enfocadas a la integraci\u00f3n y evoluci\u00f3n de los procesos de negocios.<\/p>\n<p>&nbsp;<\/p>\n<p style=\"text-align: justify;\"><\/p>\n                    <\/div>\n                <\/div>\n\n                <div class=\"service-box-back\">\n                    <a href=\"\"><\/a>\n                <\/div>\n            <\/div>\n        <\/div>\n    \n        <div class=\"service-box-container\">\n            <div class=\"service-box clearfix\" style=\"background-color: #aaaaaa\">\n                <div class=\"service-box-front\">\n                    <i class=\"icon-android\"><\/i>\n\n                    <div class=\"service-title\">\n                        <p>Desarrollo profesional<\/p>\n                    <\/div>\n\n                    <div class=\"service-content\">\n                        <p><\/p>\n<p style=\"text-align: justify;\">Nos enfocamos en trabajo eficiente y profesional siempre guiado por procesos metodol\u00f3gicos y las mejores practicas en desarrollo de sistemas bajo un continuo mejoramiento desde 1996. Adem\u00e1s, promovemos constante desarrollo y expansi\u00f3n de nuestro competente equipo de trabajo con nuevas tecnolog\u00edas y conocimiento.\n<\/p>\n<p>&nbsp;<\/p>\n<p style=\"text-align: justify;\"><\/p>\n                    <\/div>\n                <\/div>\n\n                <div class=\"service-box-back\">\n                    <a href=\"\"><\/a>\n                <\/div>\n            <\/div>\n        <\/div>\n    <\/div>\n    <\/p>\n<p><div style=\"width: 100%; clear: both; height: 31px\"><\/div><\/p>\n<p>\n            <\/div>\n        <\/div>\n    \n\n        <div class=\"page-element\" style=\"background: #f5f5f6\">\n            <div class=\"container\">\n                <\/p>\n<p><div style=\"width: 100%; clear: both; height: 35px\"><\/div><\/p>\n<p>\n        <div class=\"row\">\n            \n        <div class=\"span4\">\n                <ul class=\"list custom-list unstyled\"><li><i class=\"icon-beaker\"><\/i><p> Componentes y metodolog\u00eda de negocio\u00a0<\/p><\/li><\/ul>\n            <\/p>\n<p style=\"text-align: justify;\">Servicios de traducci\u00f3n de negocios RERUM (RBTS) tiene un robusto componente de negocios que reduce hasta el 80% el esfuerzo implementando soluciones basadas con: capturar, autorizar,proceso y cobranza de transacciones comerciales y su integraci\u00f3n con otros procesos.Estos componentes principales se han usado y madurado desde 2002 y actualmente soporta millones de transacciones mensuales\u00a0para grandes clientes como los de energia, telecomunicaciones y finanzas.<\/p>\n<p>&nbsp;<\/p>\n<p><\/div>\n    \n        <div class=\"span4\">\n                <ul class=\"list custom-list unstyled\"><li><i class=\"icon-tablet\"><\/i><p>Metodolog\u00eda de desarrollo<\/p><\/li><\/ul>\n            <\/p>\n<p style=\"text-align: justify;\">RKS (departamento de conocimiento de rerum) Es un conjunto de metodologias r\u00e1pidamente madurada sobre los a\u00f1os basada en el Proceso Unificado y PMBOK, usando notaciones UML, RKS promueve el reuso de componentes y el uso de una arquitectura distribuida orientada a objetos.<\/p>\n<p>&nbsp;<\/p>\n<p><\/div>\n    \n        <div class=\"span4\">\n                <ul class=\"list custom-list unstyled\"><li><i class=\"icon-trophy\"><\/i><p>Certificaci\u00f3n MPS.BR<\/p><\/li><\/ul>\n            <\/p>\n<p style=\"text-align: justify;\">Siempre buscamos estar al dia y mantener los niveles de excelencia en\u00a0nuestros servicios y productos, RERUM obtuvo de la MPS.BR su certificaci\u00f3n ( compa\u00f1\u00eda mejoradora de procesos de softwares brasile\u00f1os). Esta Certificaci\u00f3n es un modelo de calidad de procesos de software desarrolladas en Brasil y completamente enfocadas a la realidad de las compa\u00f1\u00edas de nuestro pa\u00eds. Desde la ultima d\u00e9cada, como una iniciativa del ministerio de ciencia y tecnolog\u00eda\u00a0 (MCT) (Ministerio de ciencia y tecnolog\u00eda), y la asociaci\u00f3n de de promoci\u00f3n de excelencia finanzas softwares brasile\u00f1os\u00a0 (Softex), Esa certificaci\u00f3n se ha transformado en un modelo referente similar a CMM y su certificaci\u00f3n requerida para niveles de alto servicio.<\/p>\n<p>&nbsp;<\/p>\n<p><\/div>\n    \n        <\/div>\n    <\/p>\n<p>\n        <div class=\"row\">\n            \n        <div class=\"span4\">\n                <ul class=\"list custom-list unstyled\"><li><i class=\"icon-calendar-empty\"><\/i><p>Entreinamento promovido por RERUM<\/p><\/li><\/ul>\n            <\/p>\n<p style=\"text-align: justify;\">Nuestras especialidades tecnol\u00f3gica de nuestros profesionales pueden ser transferidas en programas de\u00a0 especializados y enfocados en resultados pr\u00e1cticos. Siempre basados en principios de calidad de SEI\/CMM y MPS.BR, Nuestro paquete de entreinamento incluye todos los ciclos de desarollo de sistemas, desde dise\u00f1os l\u00f3gicos hasta aspectos administrativos para avanzar un alto grado de satisfacci\u00f3n en proyectos implementados.<\/p>\n<p>&nbsp;<\/p>\n<p><\/div>\n    \n        <div class=\"span4\">\n                <ul class=\"list custom-list unstyled\"><li><i class=\"icon-heart-empty\"><\/i><p>Compromiso para nuestros clientes y afiliados<\/p><\/li><\/ul>\n            <\/p>\n<p>Si su compa\u00f1\u00eda esta buscando afiliados para desarrollar sus proyectos autom\u00e1ticamente necesitar\u00eda estar basado en excelentes tecnolog\u00eda, t\u00e9cnica refinada y un equipo altamente entrenado.<\/p>\n<p style=\"text-align: justify;\">Es por eso que nosotros pensamos que somos un excelente socio para misiones criticas de negocios y la raz\u00f3n para tener un cliente leal para interrumpidamente usar nuestros servicios de: \u00a0fabricaci\u00f3n de software, sustentaci\u00f3n de sistemas, acesoria. Nuestras fundaciones y calidad t\u00e9cnica son confiables\u00a0y nos ponemos a su disposici\u00f3n para desarollar soluciones y innovaciones para sus procesos de negocios.<\/p>\n<p>&nbsp;<\/p>\n<p style=\"text-align: justify;\"><\/div>\n    \n        <div class=\"span4\">\n                <ul class=\"list custom-list unstyled\"><li><i class=\"icon-globe\"><\/i><p>Operaciones tecnolog\u00eda el pa\u00eds<\/p><\/li><\/ul>\n            <\/p>\n<p>Trabajando desde 1995 con clientes de todos\u00a0 sectores y tama\u00f1os de compa\u00f1\u00edas , RERUM se enfoca con el uso y distribuci\u00f3n de tecnolog\u00edas y sistemas de integraci\u00f3n. Basado\u00a0 en las ciudades de Rio de Janeiro y Sao paulo la compa\u00f1\u00eda tiene sus sucursales compa\u00f1\u00edas Barbacena y Juiz de Fora (estado de Minas Gerais).<\/p>\n<p style=\"text-align: justify;\">Tambi\u00e9n ejecutamos proyectos en estados cercanos , con presencia en : Belo Horizonte MG, Piracicaba SP, Campinas SP, Recife PE, Goiania GO, Bras\u00edlia DF, Porto Alegre RS, Vitoria ES.<\/p>\n<p>&nbsp;<\/p>\n<p style=\"text-align: justify;\"><\/div>\n    \n        <\/div>\n    <\/p>\n<p><div style=\"width: 100%; clear: both; height: 15px\"><\/div><\/p>\n<p>\n            <\/div>\n        <\/div>\n    \n<div style=\"width: 100%; clear: both; height: 5px\"><\/div>\n\n        <div class=\"page-element\" style=\"background: #f5f5f6\">\n            <div class=\"container\">\n                <\/p>\n<p><div style=\"width: 100%; clear: both; height: 25px\"><\/div><\/p>\n<h3 style=\"text-align: center;\"><strong>AFILIADOS<\/strong><\/h3>\n<p style=\"text-align: justify;\">Atraves de su experiencia compromiso y credibilidad com su mercado tecnologico, RERUM ha siempre buscado afiliados de confianza que puedan agregar valor a nuestros servicios prove\u00eddos.<\/p>\n<p style=\"text-align: left;\"><div style=\"width: 100%; clear: both; height: 15px\"><\/div><\/p>\n<p style=\"text-align: center;\">\n        <div class=\"carousel-with-description\">\n            <div class=\"row\">\n                <div class=\"carousel-description span3\">\n                    <h4>Socios Oficiales<\/h4>\n                    <br\/>\n                    <p>RERUM ya ha usado muchas fuentes tecnol\u00f3gicas, pero nuestros estatutos recomiendan y aceptan asociaciones con compa\u00f1\u00edas cuyos productos son actualizados usados y certificados solamente por nosotros, los mas importantes son los siguientes:<\/p>\n\n                    <!--<a href=\"#\">View All >> <\/a>-->\n\n                    <div class=\"carousel-navigation\">\n                        <div class=\"stylish-button prev\">\n                            <a class=\"\" href=\"#\"><i class=\"icon-angle-left\"><\/i><\/a>\n                        <\/div>\n\n                        <div class=\"stylish-button next\">\n                            <a class=\"\" href=\"#\"><i class=\"icon-angle-right\"><\/i><\/a>\n                        <\/div>\n                    <\/div>\n                <\/div>\n\n                <div class=\"carousel-images-wrapper\">\n                    <div class=\"row\">\n                        <div class=\"carousel-images\">\n\n                            \n\n        <div class=\"span3\">\n            <div class=\"thumbnail\">\n                <img src=\"http:\/\/www.rerum.com.br\/rerum\/wp-content\/uploads\/2015\/02\/atlassian-270x230.png\" alt=\"post image\" \/>\n\n                <div class=\"thumbnail-hover\">\n                    <a href=\"http:\/\/www.rerum.com.br\/rerum\/wp-content\/uploads\/2015\/02\/atlassian.png\"><\/a>\n                <\/div>\n            <\/div>\n        <\/div>\n\n        <div class=\"span3\">\n            <div class=\"thumbnail\">\n                <img src=\"http:\/\/www.rerum.com.br\/rerum\/wp-content\/uploads\/2015\/02\/LSparx-270x230.png\" alt=\"post image\" \/>\n\n                <div class=\"thumbnail-hover\">\n                    <a href=\"http:\/\/www.rerum.com.br\/rerum\/wp-content\/uploads\/2015\/02\/LSparx.png\"><\/a>\n                <\/div>\n            <\/div>\n        <\/div>\n\n        <div class=\"span3\">\n            <div class=\"thumbnail\">\n                <img src=\"http:\/\/www.rerum.com.br\/rerum\/wp-content\/uploads\/2015\/02\/MSoft-270x230.png\" alt=\"post image\" \/>\n\n                <div class=\"thumbnail-hover\">\n                    <a href=\"http:\/\/www.rerum.com.br\/rerum\/wp-content\/uploads\/2015\/02\/MSoft.png\"><\/a>\n                <\/div>\n            <\/div>\n        <\/div>\n\n                        <\/div>\n                    <\/div>\n                <\/div>\n            <\/div>\n        <\/div><\/p>\n<p><div style=\"width: 100%; clear: both; height: 35px\"><\/div><\/p>\n<p>\n            <\/div>\n        <\/div>\n    \n\n        <div class=\"page-element\" style=\"background: #ffffff\">\n            <div class=\"container\">\n                <\/p>\n<p><div style=\"width: 100%; clear: both; height: 20px\"><\/div><\/p>\n<p><div style=\"width: 100%; clear: both; height: 20px\"><\/div><br \/>\n\n            <\/div>\n        <\/div>\n    \n","protected":false},"excerpt":{"rendered":"<p>[rev_slider main-slider]<\/p>\n","protected":false},"author":12,"featured_media":0,"parent":3036,"menu_order":0,"comment_status":"open","ping_status":"open","template":"template-home.php","meta":[],"_links":{"self":[{"href":"https:\/\/www.rerum.com.br\/index.php?rest_route=\/wp\/v2\/pages\/4107"}],"collection":[{"href":"https:\/\/www.rerum.com.br\/index.php?rest_route=\/wp\/v2\/pages"}],"about":[{"href":"https:\/\/www.rerum.com.br\/index.php?rest_route=\/wp\/v2\/types\/page"}],"author":[{"embeddable":true,"href":"https:\/\/www.rerum.com.br\/index.php?rest_route=\/wp\/v2\/users\/12"}],"replies":[{"embeddable":true,"href":"https:\/\/www.rerum.com.br\/index.php?rest_route=%2Fwp%2Fv2%2Fcomments&post=4107"}],"version-history":[{"count":1,"href":"https:\/\/www.rerum.com.br\/index.php?rest_route=\/wp\/v2\/pages\/4107\/revisions"}],"predecessor-version":[{"id":4111,"href":"https:\/\/www.rerum.com.br\/index.php?rest_route=\/wp\/v2\/pages\/4107\/revisions\/4111"}],"up":[{"embeddable":true,"href":"https:\/\/www.rerum.com.br\/index.php?rest_route=\/wp\/v2\/pages\/3036"}],"wp:attachment":[{"href":"https:\/\/www.rerum.com.br\/index.php?rest_route=%2Fwp%2Fv2%2Fmedia&parent=4107"}],"curies":[{"name":"wp","href":"https:\/\/api.w.org\/{rel}","templated":true}]}}